{"id":1060,"date":"2019-01-11T10:09:36","date_gmt":"2019-01-11T07:09:36","guid":{"rendered":"http:\/\/www.dogavebilim.com\/?page_id=1058"},"modified":"2025-11-25T18:59:59","modified_gmt":"2025-11-25T15:59:59","slug":"makale","status":"publish","type":"page","link":"https:\/\/www.dogavebilim.com\/?page_id=1060","title":{"rendered":"MAKALELER"},"content":{"rendered":"\n<p class=\"has-text-align-center has-pale-cyan-blue-background-color has-background\"><strong>Hatay Samanda\u011f H\u0131rlavuk K\u0131y\u0131lar\u0131ndaki K\u00f6pekbal\u0131\u011f\u0131 ve Vatoz T\u00fcrleri Habitatlar\u0131n\u0131n Restorasyonu, Korunmas\u0131 ve \u0130zlenmesi-(ElasmoKAP-TCEF-2024)<\/strong><\/p>\n\n\n\n<ul>\n<li><a href=\"https:\/\/www.tethysjournal.com\/index.php?page=detail&amp;paperID=117\" target=\"_blank\" rel=\"noreferrer noopener\">Evidence of Nursery Area and Length-Weight Relationships for Longnose Spurdog Squalus blainville in the Eastern Mediterranean<\/a><\/li>\n<\/ul>\n\n\n\n<p class=\"has-text-align-center has-light-green-cyan-background-color has-background\"><strong>RestorSEAGRASS: Deniz \u00c7ay\u0131rlar\u0131\u2019n\u0131n Korunmas\u0131, Rehabilitasyonu ve Resterasyonu<br>(DBD-2023-P01)<\/strong><\/p>\n\n\n\n<ul>\n<li><a href=\"https:\/\/www.tethysjournal.com\/index.php?page=detail&amp;paperID=120\" target=\"_blank\" rel=\"noreferrer noopener\">Restoration of Seagrass Posidonia oceanica (L.) Delile in Ka\u015f Coasts of Antalya, Northeastern Mediterranean<\/a><\/li>\n<\/ul>\n\n\n\n<p class=\"has-text-align-center has-black-color has-cyan-bluish-gray-background-color has-text-color has-background has-link-color wp-elements-45464a269ea4eb887489aae43417d6c5\"><strong>T\u00fcrkiye Denizlerinde Deniz Memelilerini Tehdit Eden Fakt\u00f6rlerin Belirlenmesi ve \u00c7\u00f6z\u00fcm Yollar\u0131                      (DBD-2020-P03)<\/strong><\/p>\n\n\n\n<ul>\n<li><a href=\"https:\/\/www.dogavebilim.com\/wp-content\/uploads\/2023\/12\/Annales-SHN-33-2023-1-Cemal-TURAN-et-al_LOWRESS.pdf\" target=\"_blank\" rel=\"noreferrer noopener\">Mapping Stranded Whales in Turkish Marine Waters<\/a><\/li>\n<\/ul>\n\n\n\n<p class=\"has-text-align-center has-vivid-cyan-blue-background-color has-background\"><strong>T\u00fcrkiye Yabanc\u0131 Deniz T\u00fcrleri \u0130zleme Program\u0131 <\/strong><br><strong>(DBD-2016-P01)<\/strong><\/p>\n\n\n\n<ul>\n<li><a rel=\"noreferrer noopener\" href=\"http:\/\/www.dogavebilim.com\/wp-content\/uploads\/2020\/05\/MS_Carcharhinus-altimus.pdf\" target=\"_blank\">New record of the bignose shark, Carcharhinus altimus (Springer, 1950) (Carcharhiniformes: Carcharhinidae), in Turkish waters-\u0130ndirmek i\u00e7in t\u0131klay\u0131n\u0131z.<\/a><\/li>\n<\/ul>\n\n\n\n<p class=\"has-text-align-center has-vivid-green-cyan-background-color has-background\"><strong><strong>Hatay K\u0131y\u0131lar\u0131ndaki Deniz Kaplumba\u011falar\u0131n\u0131n Korunmas\u0131 (DBD-2019-P01)<\/strong><\/strong><\/p>\n\n\n\n<ul>\n<li><a rel=\"noreferrer noopener\" href=\"http:\/\/www.dogavebilim.com\/wp-content\/uploads\/2021\/02\/The-Investigations-of-The-Nesting-Status-of-The-Green-Turtle-Chelonia-Mydas-on-Yeniyurt-Beach-Hatay-in-The-Northeastern-Mediterranean-Turkey.pdf\" target=\"_blank\">The Investigations of the Nesting Status of the Green Turtle (Chelonia <\/a><a href=\"http:\/\/www.dogavebilim.com\/wp-content\/uploads\/2021\/02\/The-Investigations-of-The-Nesting-Status-of-The-Green-Turtle-Chelonia-Mydas-on-Yeniyurt-Beach-Hatay-in-The-Northeastern-Mediterranean-Turkey.pdf\" target=\"_blank\" rel=\"noreferrer noopener\">m<\/a><a rel=\"noreferrer noopener\" href=\"http:\/\/www.dogavebilim.com\/wp-content\/uploads\/2021\/02\/The-Investigations-of-The-Nesting-Status-of-The-Green-Turtle-Chelonia-Mydas-on-Yeniyurt-Beach-Hatay-in-The-Northeastern-Mediterranean-Turkey.pdf\" target=\"_blank\">ydas) on Yeniyurt Beach\/Hatay in the Northeastern Mediterranean, Turkey-\u0130ndirmek i\u00e7in t\u0131klay\u0131n\u0131z<\/a><\/li>\n<\/ul>\n\n\n\n<ul>\n<li><a rel=\"noreferrer noopener\" aria-label=\"Sex Determination of Green Turtle (Chelon\u0131a Mydas) W\u0131th Image Analys\u0131s Using Biomorph Software (yeni sekmede a\u00e7\u0131l\u0131r)\" href=\"http:\/\/www.dogavebilim.com\/wp-content\/uploads\/2020\/01\/SEX-DETERMINATION-OF-GREEN-TURTLE.pdf\" target=\"_blank\">Sex Determination of Green Turtle (Chelon\u0131a mydas) With Image Analysis Using Biomorph Software-\u0130ndirmek i\u00e7in t\u0131klay\u0131n\u0131z<\/a><\/li>\n<\/ul>\n\n\n\n<p class=\"has-text-align-center has-pale-pink-background-color has-background\"><strong><strong>Kuzeydo\u011fu Akdeniz\u2019de Deniz Hassas Alanlar\u0131n\u0131n Haritaland\u0131r\u0131lmas\u0131: Sualt\u0131Evleri (DBD-2016-P03)<\/strong> <\/strong><\/p>\n\n\n\n<ul>\n<li><a href=\"http:\/\/www.dogavebilim.com\/wp-content\/uploads\/2020\/01\/Wisdom_Stone_Cave_MS.pdf\" target=\"_blank\" rel=\"noreferrer noopener\">Habitat mapping of underwater Bilge Ta\u0122 Cave (Wisdom Stone Cave) in the Northeastern Mediterranean Sea: Structure and biodiversity-\u0130ndirmek i\u00e7in t\u0131klay\u0131n\u0131z<\/a><\/li>\n<\/ul>\n\n\n\n<p class=\"has-text-align-center has-pale-cyan-blue-background-color has-background\"><strong>Yeni Nesil Biyometri \u00c7al\u0131\u015ftay\u0131 ve Kursu<\/strong><\/p>\n\n\n\n<ul>\n<li><a rel=\"noreferrer noopener\" aria-label=\"Proceeding Book of Next Generation Biometry Workshop and Course (yeni sekmede a\u00e7\u0131l\u0131r)\" href=\"http:\/\/www.dogavebilim.com\/wp-content\/uploads\/2020\/01\/Proceeding_BookofNext_Generation_Biometry.pdf\" target=\"_blank\">Yeni Nesil Biyometri \u00c7al\u0131\u015ftay\u0131 ve Kursu-\u0130ndirmek i\u00e7in t\u0131klay\u0131n\u0131z<\/a><\/li>\n<\/ul>\n\n\n\n<p class=\"has-text-align-center has-very-dark-gray-color has-light-green-cyan-background-color has-text-color has-background\"><strong>Uluslararas\u0131 Balon Bal\u0131\u011f\u0131 Sempozyumu Panel Raporu<\/strong><\/p>\n\n\n\n<ul>\n<li><a rel=\"noreferrer noopener\" aria-label=\"Uluslararas\u0131 Balon Bal\u0131\u011f\u0131 Sempozyumu (ISP2017) - Sempoyum ve panel raporunu&nbsp;indirmek&nbsp;i\u00e7in&nbsp;t\u0131klay\u0131n\u0131z. (yeni sekmede a\u00e7\u0131l\u0131r)\" href=\"http:\/\/www.dogavebilim.com\/wp-content\/uploads\/2019\/01\/International-Symposium-of-Pufferfish-ISP2017-Symposium-and-Panel-Summary.pdf\" target=\"_blank\">Uluslararas\u0131 Balon Bal\u0131\u011f\u0131 Sempozyumu Panel Raporu -(ISS2017) &#8211; \u0130ndirmek i\u00e7in t\u0131klay\u0131n\u0131z<\/a><\/li>\n<\/ul>\n\n\n\n<p class=\"has-text-align-center has-very-dark-gray-color has-text-color has-background\" style=\"background-color:#ca7872\"><strong>Uluslararas\u0131 Kaya Bal\u0131klar\u0131 \u00c7al\u0131\u015ftay Panel Raporu<\/strong><\/p>\n\n\n\n<ul>\n<li><a rel=\"noreferrer noopener\" aria-label=\"Uluslararas\u0131 Kaya Bal\u0131klar\u0131 \u00c7al\u0131\u015ftay\u0131 (IGW2016)-Panel raporunu indirmek i\u00e7in t\u0131klay\u0131n\u0131z. (yeni sekmede a\u00e7\u0131l\u0131r)\" href=\"http:\/\/www.dogavebilim.com\/wp-content\/uploads\/2019\/01\/Internation-Grouper-Workshop-IGW2016-Panel-Summary.pdf\" target=\"_blank\">Uluslararas\u0131 Kaya Bal\u0131klar\u0131 \u00c7al\u0131\u015ftay\u0131 Panel Raporu-(IGW2016)- \u0130ndirmek i\u00e7in t\u0131klay\u0131n\u0131z<\/a><\/li>\n<\/ul>\n\n\n\n<h6 class=\"wp-block-heading has-very-dark-gray-color has-text-color has-background\" style=\"background-color:#ca7872\"><a href=\"https:\/\/www.dogavebilim.com\/wp-content\/uploads\/2023\/12\/TUDAV_marine_cave_yayin-1.pdf\" target=\"_blank\" rel=\"noreferrer noopener\"><strong>Marine Caves of the Eastern Mediterranean Sea \u2013 Biodiversity, Threats and Conservation<\/strong><\/a><\/h6>\n\n\n\n<ul>\n<li><a href=\"https:\/\/www.dogavebilim.com\/wp-content\/uploads\/2023\/12\/TUDAV_marine_cave_yayin-1.pdf\" target=\"_blank\" rel=\"noreferrer noopener\">Habitat Mapping of Underwater Wise Stone Cave in the Northeastern Mediterranean Sea: Structure and Biodiversity <\/a><\/li>\n<\/ul>\n","protected":false},"excerpt":{"rendered":"<p>Hatay Samanda\u011f H\u0131rlavuk K\u0131y\u0131lar\u0131ndaki K\u00f6pekbal\u0131\u011f\u0131 ve Vatoz T\u00fcrleri Habitatlar\u0131n\u0131n Restorasyonu, Korunmas\u0131 ve \u0130zlenmesi-(ElasmoKAP-TCEF-2024) RestorSEAGRASS: Deniz \u00c7ay\u0131rlar\u0131\u2019n\u0131n Korunmas\u0131, Rehabilitasyonu ve Resterasyonu(DBD-2023-P01)&hellip;<\/p>\n","protected":false},"author":2,"featured_media":0,"parent":882,"menu_order":1,"comment_status":"closed","ping_status":"closed","template":"","meta":{"footnotes":""},"_links":{"self":[{"href":"https:\/\/www.dogavebilim.com\/index.php?rest_route=\/wp\/v2\/pages\/1060"}],"collection":[{"href":"https:\/\/www.dogavebilim.com\/index.php?rest_route=\/wp\/v2\/pages"}],"about":[{"href":"https:\/\/www.dogavebilim.com\/index.php?rest_route=\/wp\/v2\/types\/page"}],"author":[{"embeddable":true,"href":"https:\/\/www.dogavebilim.com\/index.php?rest_route=\/wp\/v2\/users\/2"}],"replies":[{"embeddable":true,"href":"https:\/\/www.dogavebilim.com\/index.php?rest_route=%2Fwp%2Fv2%2Fcomments&post=1060"}],"version-history":[{"count":47,"href":"https:\/\/www.dogavebilim.com\/index.php?rest_route=\/wp\/v2\/pages\/1060\/revisions"}],"predecessor-version":[{"id":2776,"href":"https:\/\/www.dogavebilim.com\/index.php?rest_route=\/wp\/v2\/pages\/1060\/revisions\/2776"}],"up":[{"embeddable":true,"href":"https:\/\/www.dogavebilim.com\/index.php?rest_route=\/wp\/v2\/pages\/882"}],"wp:attachment":[{"href":"https:\/\/www.dogavebilim.com\/index.php?rest_route=%2Fwp%2Fv2%2Fmedia&parent=1060"}],"curies":[{"name":"wp","href":"https:\/\/api.w.org\/{rel}","templated":true}]}}