{"id":1083,"date":"2019-01-14T09:37:58","date_gmt":"2019-01-14T06:37:58","guid":{"rendered":"http:\/\/www.dogavebilim.com\/?page_id=1083"},"modified":"2025-12-23T11:54:46","modified_gmt":"2025-12-23T08:54:46","slug":"devam-eden-projeler","status":"publish","type":"page","link":"https:\/\/www.dogavebilim.com\/?page_id=1083","title":{"rendered":"DEVAM EDEN PROJELER"},"content":{"rendered":"\n<figure class=\"wp-block-image size-large is-resized\"><img loading=\"lazy\" decoding=\"async\" width=\"1024\" height=\"13\" src=\"https:\/\/www.dogavebilim.com\/wp-content\/uploads\/2019\/03\/Resim1-3-1024x13.jpg\" alt=\"\" class=\"wp-image-1510\" style=\"width:899px\" srcset=\"https:\/\/www.dogavebilim.com\/wp-content\/uploads\/2019\/03\/Resim1-3-1024x13.jpg 1024w, https:\/\/www.dogavebilim.com\/wp-content\/uploads\/2019\/03\/Resim1-3-300x4.jpg 300w, https:\/\/www.dogavebilim.com\/wp-content\/uploads\/2019\/03\/Resim1-3-768x9.jpg 768w, https:\/\/www.dogavebilim.com\/wp-content\/uploads\/2019\/03\/Resim1-3.jpg 1556w\" sizes=\"(max-width: 1024px) 100vw, 1024px\" \/><\/figure>\n\n\n\n<h3 class=\"wp-block-heading has-text-align-center\">Hatay Samanda\u011f K\u0131y\u0131s\u0131nda Deniz Koruma Alan\u0131 \u00c7al\u0131\u015fmas\u0131 (DBD-2022-P02)<\/h3>\n\n\n\n<figure class=\"wp-block-image size-large\"><a href=\"https:\/\/www.dogavebilim.com\/?page_id=2322\" target=\"_blank\" rel=\"noreferrer noopener\"><img loading=\"lazy\" decoding=\"async\" width=\"1024\" height=\"356\" src=\"https:\/\/www.dogavebilim.com\/wp-content\/uploads\/2023\/02\/tr-1024x356.jpg\" alt=\"\" class=\"wp-image-2311\" srcset=\"https:\/\/www.dogavebilim.com\/wp-content\/uploads\/2023\/02\/tr-1024x356.jpg 1024w, https:\/\/www.dogavebilim.com\/wp-content\/uploads\/2023\/02\/tr-300x104.jpg 300w, https:\/\/www.dogavebilim.com\/wp-content\/uploads\/2023\/02\/tr-768x267.jpg 768w, https:\/\/www.dogavebilim.com\/wp-content\/uploads\/2023\/02\/tr-1536x534.jpg 1536w, https:\/\/www.dogavebilim.com\/wp-content\/uploads\/2023\/02\/tr.jpg 1921w\" sizes=\"(max-width: 1024px) 100vw, 1024px\" \/><\/a><\/figure>\n\n\n\n<figure class=\"wp-block-image size-large is-resized\"><img loading=\"lazy\" decoding=\"async\" width=\"1024\" height=\"13\" src=\"https:\/\/www.dogavebilim.com\/wp-content\/uploads\/2019\/03\/Resim1-3-1024x13.jpg\" alt=\"\" class=\"wp-image-1510\" style=\"width:900px\" srcset=\"https:\/\/www.dogavebilim.com\/wp-content\/uploads\/2019\/03\/Resim1-3-1024x13.jpg 1024w, https:\/\/www.dogavebilim.com\/wp-content\/uploads\/2019\/03\/Resim1-3-300x4.jpg 300w, https:\/\/www.dogavebilim.com\/wp-content\/uploads\/2019\/03\/Resim1-3-768x9.jpg 768w, https:\/\/www.dogavebilim.com\/wp-content\/uploads\/2019\/03\/Resim1-3.jpg 1556w\" sizes=\"(max-width: 1024px) 100vw, 1024px\" \/><\/figure>\n\n\n\n<h3 class=\"wp-block-heading has-text-align-center\">T\u00fcrkiye Denizlerinde Deniz Memelilerini Tehdit Eden Fakt\u00f6rlerin Belirlenmesi ve \u00c7\u00f6z\u00fcm Yollar\u0131 (DBD-2020-P03)<\/h3>\n\n\n\n<figure class=\"wp-block-image\"><a href=\"http:\/\/www.dogavebilim.com\/?page_id=1975\" target=\"_blank\" rel=\"noreferrer noopener\"><img loading=\"lazy\" decoding=\"async\" width=\"1024\" height=\"351\" src=\"http:\/\/www.dogavebilim.com\/wp-content\/uploads\/2020\/05\/mamals_tr-1024x351.png\" alt=\"\" class=\"wp-image-2006\" srcset=\"https:\/\/www.dogavebilim.com\/wp-content\/uploads\/2020\/05\/mamals_tr-1024x351.png 1024w, https:\/\/www.dogavebilim.com\/wp-content\/uploads\/2020\/05\/mamals_tr-300x103.png 300w, https:\/\/www.dogavebilim.com\/wp-content\/uploads\/2020\/05\/mamals_tr-768x263.png 768w, https:\/\/www.dogavebilim.com\/wp-content\/uploads\/2020\/05\/mamals_tr.png 2002w\" sizes=\"(max-width: 1024px) 100vw, 1024px\" \/><\/a><\/figure>\n\n\n\n<figure class=\"wp-block-image size-large is-resized\"><img loading=\"lazy\" decoding=\"async\" width=\"1024\" height=\"13\" src=\"https:\/\/www.dogavebilim.com\/wp-content\/uploads\/2019\/03\/Resim1-3-1024x13.jpg\" alt=\"\" class=\"wp-image-1510\" style=\"width:899px\" srcset=\"https:\/\/www.dogavebilim.com\/wp-content\/uploads\/2019\/03\/Resim1-3-1024x13.jpg 1024w, https:\/\/www.dogavebilim.com\/wp-content\/uploads\/2019\/03\/Resim1-3-300x4.jpg 300w, https:\/\/www.dogavebilim.com\/wp-content\/uploads\/2019\/03\/Resim1-3-768x9.jpg 768w, https:\/\/www.dogavebilim.com\/wp-content\/uploads\/2019\/03\/Resim1-3.jpg 1556w\" sizes=\"(max-width: 1024px) 100vw, 1024px\" \/><\/figure>\n\n\n\n<h3 class=\"wp-block-heading has-text-align-center\">Hatay \u0130\u00e7 Sular Biyo\u00e7e\u015fitlili\u011fi ve Biyo\u00e7e\u015fitlili\u011fi Tehdit Eden Fakt\u00f6rlerin Belirlenmesi (DBD-2020-P01) <\/h3>\n\n\n\n<figure class=\"wp-block-image\"><a href=\"http:\/\/www.dogavebilim.com\/?page_id=1791\" target=\"_blank\" rel=\"noreferrer noopener\"><img loading=\"lazy\" decoding=\"async\" width=\"1024\" height=\"414\" src=\"http:\/\/www.dogavebilim.com\/wp-content\/uploads\/2020\/01\/tr.jpg-1024x414.png\" alt=\"\" class=\"wp-image-1804\" srcset=\"https:\/\/www.dogavebilim.com\/wp-content\/uploads\/2020\/01\/tr.jpg-1024x414.png 1024w, https:\/\/www.dogavebilim.com\/wp-content\/uploads\/2020\/01\/tr.jpg-300x121.png 300w, https:\/\/www.dogavebilim.com\/wp-content\/uploads\/2020\/01\/tr.jpg-768x310.png 768w, https:\/\/www.dogavebilim.com\/wp-content\/uploads\/2020\/01\/tr.jpg.png 1810w\" sizes=\"(max-width: 1024px) 100vw, 1024px\" \/><\/a><\/figure>\n\n\n\n<figure class=\"wp-block-image is-resized\"><img loading=\"lazy\" decoding=\"async\" width=\"1024\" height=\"13\" src=\"http:\/\/www.dogavebilim.com\/wp-content\/uploads\/2019\/03\/Resim1-1024x13.jpg\" alt=\"\" class=\"wp-image-1500\" style=\"width:900px\" srcset=\"https:\/\/www.dogavebilim.com\/wp-content\/uploads\/2019\/03\/Resim1-1024x13.jpg 1024w, https:\/\/www.dogavebilim.com\/wp-content\/uploads\/2019\/03\/Resim1-300x4.jpg 300w, https:\/\/www.dogavebilim.com\/wp-content\/uploads\/2019\/03\/Resim1-768x9.jpg 768w, https:\/\/www.dogavebilim.com\/wp-content\/uploads\/2019\/03\/Resim1.jpg 1556w\" sizes=\"(max-width: 1024px) 100vw, 1024px\" \/><\/figure>\n","protected":false},"excerpt":{"rendered":"<p>Hatay Samanda\u011f K\u0131y\u0131s\u0131nda Deniz Koruma Alan\u0131 \u00c7al\u0131\u015fmas\u0131 (DBD-2022-P02) T\u00fcrkiye Denizlerinde Deniz Memelilerini Tehdit Eden Fakt\u00f6rlerin Belirlenmesi ve \u00c7\u00f6z\u00fcm Yollar\u0131 (DBD-2020-P03)&hellip;<\/p>\n","protected":false},"author":2,"featured_media":0,"parent":13,"menu_order":1,"comment_status":"closed","ping_status":"closed","template":"","meta":{"footnotes":""},"_links":{"self":[{"href":"https:\/\/www.dogavebilim.com\/index.php?rest_route=\/wp\/v2\/pages\/1083"}],"collection":[{"href":"https:\/\/www.dogavebilim.com\/index.php?rest_route=\/wp\/v2\/pages"}],"about":[{"href":"https:\/\/www.dogavebilim.com\/index.php?rest_route=\/wp\/v2\/types\/page"}],"author":[{"embeddable":true,"href":"https:\/\/www.dogavebilim.com\/index.php?rest_route=\/wp\/v2\/users\/2"}],"replies":[{"embeddable":true,"href":"https:\/\/www.dogavebilim.com\/index.php?rest_route=%2Fwp%2Fv2%2Fcomments&post=1083"}],"version-history":[{"count":89,"href":"https:\/\/www.dogavebilim.com\/index.php?rest_route=\/wp\/v2\/pages\/1083\/revisions"}],"predecessor-version":[{"id":2795,"href":"https:\/\/www.dogavebilim.com\/index.php?rest_route=\/wp\/v2\/pages\/1083\/revisions\/2795"}],"up":[{"embeddable":true,"href":"https:\/\/www.dogavebilim.com\/index.php?rest_route=\/wp\/v2\/pages\/13"}],"wp:attachment":[{"href":"https:\/\/www.dogavebilim.com\/index.php?rest_route=%2Fwp%2Fv2%2Fmedia&parent=1083"}],"curies":[{"name":"wp","href":"https:\/\/api.w.org\/{rel}","templated":true}]}}