{"id":11,"date":"2015-08-02T16:23:36","date_gmt":"2015-08-02T13:23:36","guid":{"rendered":"http:\/\/localhost\/AAA\/wp_dogavebilim\/wordpress\/?page_id=11"},"modified":"2024-05-03T23:35:47","modified_gmt":"2024-05-03T20:35:47","slug":"iletisim","status":"publish","type":"page","link":"https:\/\/www.dogavebilim.com\/?page_id=11","title":{"rendered":"\u0130LET\u0130\u015e\u0130M"},"content":{"rendered":"<table style=\"height: 378px;\" width=\"796\">\n<tbody>\n<tr>\n<td style=\"width: 30%;\">\u00a0\u00a0<img loading=\"lazy\" decoding=\"async\" class=\"wp-image-487 size-full aligncenter\" src=\"http:\/\/www.dogavebilim.com\/wp-content\/uploads\/2017\/12\/do\u011fabilimTR-1.png\" alt=\"\" width=\"657\" height=\"723\" srcset=\"https:\/\/www.dogavebilim.com\/wp-content\/uploads\/2017\/12\/do\u011fabilimTR-1.png 657w, https:\/\/www.dogavebilim.com\/wp-content\/uploads\/2017\/12\/do\u011fabilimTR-1-273x300.png 273w\" sizes=\"(max-width: 657px) 100vw, 657px\" \/><\/td>\n<td style=\"width: 70%; text-align: center;\"><span style=\"color: #000000;\"><b>ADRES<\/b><\/span>Modernevler Mah. 303. Sk. No:9 D:1<\/p>\n<p>\u0130skenderun\/<span style=\"font-family: inherit;\">Hatay,\u00a0<\/span>Turkey<\/p>\n<p>E-Mail: contact@dogavebilim.com<\/p>\n<p>Dernek Ba\u015fkan Yard\u0131mc\u0131s\u0131 ve S\u00f6zc\u00fcs\u00fc- Servet Ahmet Do\u011fdu\u00a0 : +90 542 311 11 05<\/p>\n<hr \/>\n<\/td>\n<\/tr>\n<\/tbody>\n<\/table>\n","protected":false},"excerpt":{"rendered":"<p>\u00a0\u00a0 ADRESModernevler Mah. 303. Sk. No:9 D:1 \u0130skenderun\/Hatay,\u00a0Turkey E-Mail: contact@dogavebilim.com Dernek Ba\u015fkan Yard\u0131mc\u0131s\u0131 ve S\u00f6zc\u00fcs\u00fc- Servet Ahmet Do\u011fdu\u00a0 : +90&hellip;<\/p>\n","protected":false},"author":1,"featured_media":0,"parent":0,"menu_order":6,"comment_status":"closed","ping_status":"closed","template":"","meta":{"footnotes":""},"_links":{"self":[{"href":"https:\/\/www.dogavebilim.com\/index.php?rest_route=\/wp\/v2\/pages\/11"}],"collection":[{"href":"https:\/\/www.dogavebilim.com\/index.php?rest_route=\/wp\/v2\/pages"}],"about":[{"href":"https:\/\/www.dogavebilim.com\/index.php?rest_route=\/wp\/v2\/types\/page"}],"author":[{"embeddable":true,"href":"https:\/\/www.dogavebilim.com\/index.php?rest_route=\/wp\/v2\/users\/1"}],"replies":[{"embeddable":true,"href":"https:\/\/www.dogavebilim.com\/index.php?rest_route=%2Fwp%2Fv2%2Fcomments&post=11"}],"version-history":[{"count":63,"href":"https:\/\/www.dogavebilim.com\/index.php?rest_route=\/wp\/v2\/pages\/11\/revisions"}],"predecessor-version":[{"id":2537,"href":"https:\/\/www.dogavebilim.com\/index.php?rest_route=\/wp\/v2\/pages\/11\/revisions\/2537"}],"wp:attachment":[{"href":"https:\/\/www.dogavebilim.com\/index.php?rest_route=%2Fwp%2Fv2%2Fmedia&parent=11"}],"curies":[{"name":"wp","href":"https:\/\/api.w.org\/{rel}","templated":true}]}}