{"id":1126,"date":"2019-01-14T13:50:49","date_gmt":"2019-01-14T10:50:49","guid":{"rendered":"http:\/\/www.dogavebilim.com\/?page_id=1126"},"modified":"2024-06-26T14:26:44","modified_gmt":"2024-06-26T11:26:44","slug":"destekleyen-kuruluslar","status":"publish","type":"page","link":"https:\/\/www.dogavebilim.com\/?page_id=1126","title":{"rendered":"\u0130\u015eB\u0130RL\u0130K\u00c7\u0130LER\u0130M\u0130Z"},"content":{"rendered":"\n<div class=\"wp-block-columns is-layout-flex wp-container-core-columns-layout-1 wp-block-columns-is-layout-flex\">\n<div class=\"wp-block-column is-layout-flow wp-block-column-is-layout-flow\"><div class=\"wp-block-image\">\n<figure class=\"aligncenter size-large is-resized\"><a href=\"https:\/\/www.tarimorman.gov.tr\/\" target=\"_blank\" rel=\"noreferrer noopener\"><img loading=\"lazy\" decoding=\"async\" width=\"640\" height=\"640\" src=\"https:\/\/www.dogavebilim.com\/wp-content\/uploads\/2022\/08\/Tarim_ve_Orman_Bakanligi_logo.svg_.png\" alt=\"\" class=\"wp-image-2278\" style=\"width:194px;height:auto\" srcset=\"https:\/\/www.dogavebilim.com\/wp-content\/uploads\/2022\/08\/Tarim_ve_Orman_Bakanligi_logo.svg_.png 640w, https:\/\/www.dogavebilim.com\/wp-content\/uploads\/2022\/08\/Tarim_ve_Orman_Bakanligi_logo.svg_-300x300.png 300w, https:\/\/www.dogavebilim.com\/wp-content\/uploads\/2022\/08\/Tarim_ve_Orman_Bakanligi_logo.svg_-150x150.png 150w\" sizes=\"(max-width: 640px) 100vw, 640px\" \/><\/a><\/figure><\/div><\/div>\n\n\n\n<div class=\"wp-block-column is-layout-flow wp-block-column-is-layout-flow\"><div class=\"wp-block-image\">\n<figure class=\"aligncenter is-resized\"><a href=\"https:\/\/www.iste.edu.tr\/\" target=\"_blank\" rel=\"noreferrer noopener\"><img loading=\"lazy\" decoding=\"async\" width=\"1024\" height=\"1024\" src=\"http:\/\/www.dogavebilim.com\/wp-content\/uploads\/2019\/01\/iste_arma-1024x1024.png\" alt=\"\" class=\"wp-image-1158\" style=\"width:194px;height:auto\" srcset=\"https:\/\/www.dogavebilim.com\/wp-content\/uploads\/2019\/01\/iste_arma-1024x1024.png 1024w, https:\/\/www.dogavebilim.com\/wp-content\/uploads\/2019\/01\/iste_arma-150x150.png 150w, https:\/\/www.dogavebilim.com\/wp-content\/uploads\/2019\/01\/iste_arma-300x300.png 300w, https:\/\/www.dogavebilim.com\/wp-content\/uploads\/2019\/01\/iste_arma-768x768.png 768w, https:\/\/www.dogavebilim.com\/wp-content\/uploads\/2019\/01\/iste_arma.png 1772w\" sizes=\"(max-width: 1024px) 100vw, 1024px\" \/><\/a><\/figure><\/div><\/div>\n<\/div>\n\n\n\n<div class=\"wp-block-columns is-layout-flex wp-container-core-columns-layout-2 wp-block-columns-is-layout-flex\">\n<div class=\"wp-block-column is-layout-flow wp-block-column-is-layout-flow\"><div class=\"wp-block-image\">\n<figure class=\"aligncenter size-large is-resized\"><a href=\"https:\/\/turquoisecoastenvironment.org\/\" target=\"_blank\" rel=\"noreferrer noopener\"><img loading=\"lazy\" decoding=\"async\" width=\"1024\" height=\"1024\" src=\"https:\/\/www.dogavebilim.com\/wp-content\/uploads\/2024\/06\/TCEF_Logo-1024x1024.png\" alt=\"\" class=\"wp-image-2556\" style=\"width:218px;height:auto\" srcset=\"https:\/\/www.dogavebilim.com\/wp-content\/uploads\/2024\/06\/TCEF_Logo-1024x1024.png 1024w, https:\/\/www.dogavebilim.com\/wp-content\/uploads\/2024\/06\/TCEF_Logo-300x300.png 300w, https:\/\/www.dogavebilim.com\/wp-content\/uploads\/2024\/06\/TCEF_Logo-150x150.png 150w, https:\/\/www.dogavebilim.com\/wp-content\/uploads\/2024\/06\/TCEF_Logo-768x768.png 768w, https:\/\/www.dogavebilim.com\/wp-content\/uploads\/2024\/06\/TCEF_Logo-1536x1536.png 1536w, https:\/\/www.dogavebilim.com\/wp-content\/uploads\/2024\/06\/TCEF_Logo-2048x2048.png 2048w\" sizes=\"(max-width: 1024px) 100vw, 1024px\" \/><\/a><\/figure><\/div><\/div>\n\n\n\n<div class=\"wp-block-column is-layout-flow wp-block-column-is-layout-flow\"><div class=\"wp-block-image\">\n<figure class=\"aligncenter size-full is-resized\"><a href=\"https:\/\/conservation-collective.org\/\" target=\"_blank\" rel=\"noreferrer noopener\"><img loading=\"lazy\" decoding=\"async\" width=\"712\" height=\"720\" src=\"https:\/\/www.dogavebilim.com\/wp-content\/uploads\/2024\/06\/CC-logo-white-background.jpg\" alt=\"\" class=\"wp-image-2557\" style=\"width:209px;height:auto\" srcset=\"https:\/\/www.dogavebilim.com\/wp-content\/uploads\/2024\/06\/CC-logo-white-background.jpg 712w, https:\/\/www.dogavebilim.com\/wp-content\/uploads\/2024\/06\/CC-logo-white-background-297x300.jpg 297w\" sizes=\"(max-width: 712px) 100vw, 712px\" \/><\/a><\/figure><\/div><\/div>\n<\/div>\n\n\n\n<div class=\"wp-block-columns are-vertically-aligned-center is-layout-flex wp-container-core-columns-layout-3 wp-block-columns-is-layout-flex\">\n<div class=\"wp-block-column is-vertically-aligned-center is-layout-flow wp-block-column-is-layout-flow\"><div class=\"wp-block-image\">\n<figure class=\"aligncenter size-large is-resized\"><a href=\"https:\/\/www.tpfund.org\/\" target=\"_blank\" rel=\"noreferrer noopener\"><img loading=\"lazy\" decoding=\"async\" width=\"1024\" height=\"310\" src=\"https:\/\/www.dogavebilim.com\/wp-content\/uploads\/2024\/06\/TransparentLogo-1024x310.png\" alt=\"\" class=\"wp-image-2558\" style=\"width:360px;height:auto\" srcset=\"https:\/\/www.dogavebilim.com\/wp-content\/uploads\/2024\/06\/TransparentLogo-1024x310.png 1024w, https:\/\/www.dogavebilim.com\/wp-content\/uploads\/2024\/06\/TransparentLogo-300x91.png 300w, https:\/\/www.dogavebilim.com\/wp-content\/uploads\/2024\/06\/TransparentLogo-768x233.png 768w, https:\/\/www.dogavebilim.com\/wp-content\/uploads\/2024\/06\/TransparentLogo.png 1267w\" sizes=\"(max-width: 1024px) 100vw, 1024px\" \/><\/a><\/figure><\/div><\/div>\n<\/div>\n\n\n\n<div class=\"wp-block-columns are-vertically-aligned-center is-layout-flex wp-container-core-columns-layout-4 wp-block-columns-is-layout-flex\">\n<div class=\"wp-block-column is-vertically-aligned-center is-layout-flow wp-block-column-is-layout-flow\"><div class=\"wp-block-image\">\n<figure class=\"aligncenter size-full is-resized\"><img loading=\"lazy\" decoding=\"async\" width=\"2158\" height=\"1360\" src=\"https:\/\/www.dogavebilim.com\/wp-content\/uploads\/2024\/06\/Mozaik-koyu-_-cizgili-logo-Beyaz-zeminde-kullanim-icin.png\" alt=\"\" class=\"wp-image-2559\" style=\"width:259px;height:auto\" srcset=\"https:\/\/www.dogavebilim.com\/wp-content\/uploads\/2024\/06\/Mozaik-koyu-_-cizgili-logo-Beyaz-zeminde-kullanim-icin.png 2158w, https:\/\/www.dogavebilim.com\/wp-content\/uploads\/2024\/06\/Mozaik-koyu-_-cizgili-logo-Beyaz-zeminde-kullanim-icin-300x189.png 300w, https:\/\/www.dogavebilim.com\/wp-content\/uploads\/2024\/06\/Mozaik-koyu-_-cizgili-logo-Beyaz-zeminde-kullanim-icin-1024x645.png 1024w, https:\/\/www.dogavebilim.com\/wp-content\/uploads\/2024\/06\/Mozaik-koyu-_-cizgili-logo-Beyaz-zeminde-kullanim-icin-768x484.png 768w, https:\/\/www.dogavebilim.com\/wp-content\/uploads\/2024\/06\/Mozaik-koyu-_-cizgili-logo-Beyaz-zeminde-kullanim-icin-1536x968.png 1536w, https:\/\/www.dogavebilim.com\/wp-content\/uploads\/2024\/06\/Mozaik-koyu-_-cizgili-logo-Beyaz-zeminde-kullanim-icin-2048x1291.png 2048w\" sizes=\"(max-width: 2158px) 100vw, 2158px\" \/><\/figure><\/div><\/div>\n\n\n\n<div class=\"wp-block-column is-vertically-aligned-center is-layout-flow wp-block-column-is-layout-flow\"><div class=\"wp-block-image\">\n<figure class=\"aligncenter size-full is-resized\"><a href=\"https:\/\/turkeymozaik.org.uk\/\" target=\"_blank\" rel=\"noreferrer noopener\"><img loading=\"lazy\" decoding=\"async\" width=\"168\" height=\"168\" src=\"https:\/\/www.dogavebilim.com\/wp-content\/uploads\/2024\/06\/logo.png\" alt=\"\" class=\"wp-image-2560\" style=\"width:193px;height:auto\" srcset=\"https:\/\/www.dogavebilim.com\/wp-content\/uploads\/2024\/06\/logo.png 168w, https:\/\/www.dogavebilim.com\/wp-content\/uploads\/2024\/06\/logo-150x150.png 150w\" sizes=\"(max-width: 168px) 100vw, 168px\" \/><\/a><\/figure><\/div><\/div>\n<\/div>\n\n\n\n<div class=\"wp-block-columns has-2-columns is-layout-flex wp-container-core-columns-layout-5 wp-block-columns-is-layout-flex\">\n<div class=\"wp-block-column is-layout-flow wp-block-column-is-layout-flow\"><div class=\"wp-block-image is-resized is-style-default\">\n<figure class=\"aligncenter size-large\"><a href=\"https:\/\/www.tssf.gov.tr\/\" target=\"_blank\" rel=\"noreferrer noopener\"><img loading=\"lazy\" decoding=\"async\" width=\"285\" height=\"336\" src=\"https:\/\/www.dogavebilim.com\/wp-content\/uploads\/2019\/01\/tsasf-logo.jpg\" alt=\"\" class=\"wp-image-1131\" style=\"width:180px;height:auto\" srcset=\"https:\/\/www.dogavebilim.com\/wp-content\/uploads\/2019\/01\/tsasf-logo.jpg 285w, https:\/\/www.dogavebilim.com\/wp-content\/uploads\/2019\/01\/tsasf-logo-254x300.jpg 254w\" sizes=\"(max-width: 285px) 100vw, 285px\" \/><\/a><\/figure><\/div>\n\n<div class=\"wp-block-image is-resized\">\n<figure class=\"aligncenter\"><a href=\"http:\/\/www.unesco.org.tr\/\" target=\"_blank\" rel=\"noreferrer noopener\"><img loading=\"lazy\" decoding=\"async\" width=\"400\" height=\"219\" src=\"http:\/\/www.dogavebilim.com\/wp-content\/uploads\/2019\/01\/UNESCOlogo2.png\" alt=\"\" class=\"wp-image-1133\" style=\"width:232px;height:auto\" srcset=\"https:\/\/www.dogavebilim.com\/wp-content\/uploads\/2019\/01\/UNESCOlogo2.png 400w, https:\/\/www.dogavebilim.com\/wp-content\/uploads\/2019\/01\/UNESCOlogo2-300x164.png 300w\" sizes=\"(max-width: 400px) 100vw, 400px\" \/><\/a><\/figure><\/div>\n\n<div class=\"wp-block-image\">\n<figure class=\"aligncenter is-resized\"><a href=\"http:\/\/www.iskenderun.bel.tr\/\" target=\"_blank\" rel=\"noreferrer noopener\"><img loading=\"lazy\" decoding=\"async\" width=\"400\" height=\"400\" src=\"http:\/\/www.dogavebilim.com\/wp-content\/uploads\/2019\/01\/sQYS6MiZ_400x400-2.jpg\" alt=\"\" class=\"wp-image-1392\" style=\"width:185px;height:auto\" srcset=\"https:\/\/www.dogavebilim.com\/wp-content\/uploads\/2019\/01\/sQYS6MiZ_400x400-2.jpg 400w, https:\/\/www.dogavebilim.com\/wp-content\/uploads\/2019\/01\/sQYS6MiZ_400x400-2-150x150.jpg 150w, https:\/\/www.dogavebilim.com\/wp-content\/uploads\/2019\/01\/sQYS6MiZ_400x400-2-300x300.jpg 300w\" sizes=\"(max-width: 400px) 100vw, 400px\" \/><\/a><\/figure><\/div>\n\n<div class=\"wp-block-image\">\n<figure class=\"aligncenter is-resized\"><a href=\"http:\/\/www.mersin.edu.tr\" target=\"_blank\" rel=\"noreferrer noopener\"><img loading=\"lazy\" decoding=\"async\" width=\"1024\" height=\"977\" src=\"http:\/\/www.dogavebilim.com\/wp-content\/uploads\/2019\/10\/mersin-1024x977.png\" alt=\"\" class=\"wp-image-1541\" style=\"width:178px;height:auto\" srcset=\"https:\/\/www.dogavebilim.com\/wp-content\/uploads\/2019\/10\/mersin-1024x977.png 1024w, https:\/\/www.dogavebilim.com\/wp-content\/uploads\/2019\/10\/mersin-300x286.png 300w, https:\/\/www.dogavebilim.com\/wp-content\/uploads\/2019\/10\/mersin-768x732.png 768w\" sizes=\"(max-width: 1024px) 100vw, 1024px\" \/><\/a><\/figure><\/div>\n\n\n<figure class=\"wp-block-image is-resized\"><a href=\"http:\/\/tudav.org\/\" target=\"_blank\" rel=\"noreferrer noopener\"><img loading=\"lazy\" decoding=\"async\" width=\"590\" height=\"280\" src=\"http:\/\/www.dogavebilim.com\/wp-content\/uploads\/2019\/10\/tudav.jpg\" alt=\"\" class=\"wp-image-1539\" style=\"width:280px;height:auto\" srcset=\"https:\/\/www.dogavebilim.com\/wp-content\/uploads\/2019\/10\/tudav.jpg 590w, https:\/\/www.dogavebilim.com\/wp-content\/uploads\/2019\/10\/tudav-300x142.jpg 300w\" sizes=\"(max-width: 590px) 100vw, 590px\" \/><\/a><\/figure>\n<\/div>\n\n\n\n<div class=\"wp-block-column is-layout-flow wp-block-column-is-layout-flow\"><div class=\"wp-block-image is-resized\">\n<figure class=\"aligncenter\"><a href=\"http:\/\/www.cmas.org\/\" target=\"_blank\" rel=\"noreferrer noopener\"><img loading=\"lazy\" decoding=\"async\" width=\"315\" height=\"380\" src=\"http:\/\/www.dogavebilim.com\/wp-content\/uploads\/2019\/01\/cmas-official-website.png\" alt=\"\" class=\"wp-image-1389\" style=\"width:201px;height:auto\" srcset=\"https:\/\/www.dogavebilim.com\/wp-content\/uploads\/2019\/01\/cmas-official-website.png 315w, https:\/\/www.dogavebilim.com\/wp-content\/uploads\/2019\/01\/cmas-official-website-249x300.png 249w\" sizes=\"(max-width: 315px) 100vw, 315px\" \/><\/a><\/figure><\/div>\n\n<div class=\"wp-block-image\">\n<figure class=\"aligncenter is-resized\"><a href=\"https:\/\/www.bodrum.bel.tr\/\" target=\"_blank\" rel=\"noreferrer noopener\"><img loading=\"lazy\" decoding=\"async\" width=\"287\" height=\"287\" src=\"http:\/\/www.dogavebilim.com\/wp-content\/uploads\/2019\/01\/bodrum_logo.png\" alt=\"\" class=\"wp-image-1210\" style=\"width:146px;height:auto\" srcset=\"https:\/\/www.dogavebilim.com\/wp-content\/uploads\/2019\/01\/bodrum_logo.png 287w, https:\/\/www.dogavebilim.com\/wp-content\/uploads\/2019\/01\/bodrum_logo-150x150.png 150w\" sizes=\"(max-width: 287px) 100vw, 287px\" \/><\/a><\/figure><\/div>\n\n<div class=\"wp-block-image\">\n<figure class=\"aligncenter is-resized\"><a href=\"http:\/\/www.duzce.edu.tr\" target=\"_blank\" rel=\"noreferrer noopener\"><img loading=\"lazy\" decoding=\"async\" width=\"1024\" height=\"1024\" src=\"http:\/\/www.dogavebilim.com\/wp-content\/uploads\/2019\/10\/d\u00fczce-1024x1024.png\" alt=\"\" class=\"wp-image-1540\" style=\"width:232px;height:auto\" srcset=\"https:\/\/www.dogavebilim.com\/wp-content\/uploads\/2019\/10\/d\u00fczce-1024x1024.png 1024w, https:\/\/www.dogavebilim.com\/wp-content\/uploads\/2019\/10\/d\u00fczce-150x150.png 150w, https:\/\/www.dogavebilim.com\/wp-content\/uploads\/2019\/10\/d\u00fczce-300x300.png 300w, https:\/\/www.dogavebilim.com\/wp-content\/uploads\/2019\/10\/d\u00fczce-768x768.png 768w\" sizes=\"(max-width: 1024px) 100vw, 1024px\" \/><\/a><\/figure><\/div>\n\n<div class=\"wp-block-image\">\n<figure class=\"aligncenter is-resized\"><a href=\"http:\/\/www.dtoiskenderun.org.tr\/\" target=\"_blank\" rel=\"noreferrer noopener\"><img loading=\"lazy\" decoding=\"async\" width=\"693\" height=\"693\" src=\"http:\/\/www.dogavebilim.com\/wp-content\/uploads\/2019\/10\/imeak-74WK6PU_8799-1.png\" alt=\"\" class=\"wp-image-1573\" style=\"width:229px;height:auto\" srcset=\"https:\/\/www.dogavebilim.com\/wp-content\/uploads\/2019\/10\/imeak-74WK6PU_8799-1.png 693w, https:\/\/www.dogavebilim.com\/wp-content\/uploads\/2019\/10\/imeak-74WK6PU_8799-1-150x150.png 150w, https:\/\/www.dogavebilim.com\/wp-content\/uploads\/2019\/10\/imeak-74WK6PU_8799-1-300x300.png 300w\" sizes=\"(max-width: 693px) 100vw, 693px\" \/><\/a><\/figure><\/div><\/div>\n<\/div>\n\n\n<div class=\"wp-block-image\">\n<figure class=\"aligncenter is-resized\"><a href=\"https:\/\/sadafag.org\/\" target=\"_blank\" rel=\"noreferrer noopener\"><img loading=\"lazy\" decoding=\"async\" width=\"450\" height=\"69\" src=\"http:\/\/www.dogavebilim.com\/wp-content\/uploads\/2020\/01\/sadafag-logo1.png\" alt=\"\" class=\"wp-image-1734\" style=\"aspect-ratio:6.546511627906977;width:458px;height:auto\" srcset=\"https:\/\/www.dogavebilim.com\/wp-content\/uploads\/2020\/01\/sadafag-logo1.png 450w, https:\/\/www.dogavebilim.com\/wp-content\/uploads\/2020\/01\/sadafag-logo1-300x46.png 300w\" sizes=\"(max-width: 450px) 100vw, 450px\" \/><\/a><\/figure><\/div>","protected":false},"excerpt":{"rendered":"","protected":false},"author":2,"featured_media":0,"parent":0,"menu_order":7,"comment_status":"closed","ping_status":"closed","template":"","meta":{"footnotes":""},"_links":{"self":[{"href":"https:\/\/www.dogavebilim.com\/index.php?rest_route=\/wp\/v2\/pages\/1126"}],"collection":[{"href":"https:\/\/www.dogavebilim.com\/index.php?rest_route=\/wp\/v2\/pages"}],"about":[{"href":"https:\/\/www.dogavebilim.com\/index.php?rest_route=\/wp\/v2\/types\/page"}],"author":[{"embeddable":true,"href":"https:\/\/www.dogavebilim.com\/index.php?rest_route=\/wp\/v2\/users\/2"}],"replies":[{"embeddable":true,"href":"https:\/\/www.dogavebilim.com\/index.php?rest_route=%2Fwp%2Fv2%2Fcomments&post=1126"}],"version-history":[{"count":68,"href":"https:\/\/www.dogavebilim.com\/index.php?rest_route=\/wp\/v2\/pages\/1126\/revisions"}],"predecessor-version":[{"id":2574,"href":"https:\/\/www.dogavebilim.com\/index.php?rest_route=\/wp\/v2\/pages\/1126\/revisions\/2574"}],"wp:attachment":[{"href":"https:\/\/www.dogavebilim.com\/index.php?rest_route=%2Fwp%2Fv2%2Fmedia&parent=1126"}],"curies":[{"name":"wp","href":"https:\/\/api.w.org\/{rel}","templated":true}]}}