{"id":1304,"date":"2019-01-15T13:25:28","date_gmt":"2019-01-15T10:25:28","guid":{"rendered":"http:\/\/www.dogavebilim.com\/?page_id=1304"},"modified":"2025-01-28T02:17:18","modified_gmt":"2025-01-27T23:17:18","slug":"kitaplar","status":"publish","type":"page","link":"https:\/\/www.dogavebilim.com\/?page_id=1304","title":{"rendered":"K\u0130TAPLAR"},"content":{"rendered":"\n<p><\/p>\n\n\n\n<p class=\"has-text-align-center has-very-dark-gray-color has-luminous-vivid-orange-background-color has-text-color has-background\"><strong>2. Uluslararas\u0131 Balon bal\u0131\u011f\u0131 ve Aslan Bal\u0131\u011f\u0131 Sempozyumu &#8211; 2022 <\/strong><\/p>\n\n\n\n<ul>\n<li><strong><a href=\"https:\/\/www.dogavebilim.com\/wp-content\/uploads\/2025\/01\/Last_Pufferlions_ProceedingBook_SD_R2.pdf\" target=\"_blank\" rel=\"noreferrer noopener\">2. <strong>Uluslararas\u0131 Balon bal\u0131\u011f\u0131 ve Aslan Bal\u0131\u011f\u0131 Sempozyumu-<strong>Abstract and Proceeding Book<\/strong><\/strong><\/a><\/strong><\/li>\n<\/ul>\n\n\n\n<p class=\"has-light-green-cyan-background-color has-background\"><strong>CAII4.0 \u2013 International Conference on Artificial Intelligence towards Industry 4.0-Proceeding Book<\/strong><\/p>\n\n\n\n<ul>\n<li><strong><a href=\"https:\/\/www.dogavebilim.com\/wp-content\/uploads\/2023\/12\/1-978-605-73802-0-3.pdf\" target=\"_blank\" rel=\"noreferrer noopener\">CAII4.0 \u2013 International Conference on Artificial Intelligence towards Industry 4.0-Proceeding Book<\/a><\/strong><\/li>\n<\/ul>\n\n\n\n<p class=\"has-text-align-center has-background\" style=\"background-color:#fae100\"><strong>Marine Caves of the Eastern Mediterranean Sea \u2013 Biodiversity, Threats and Conservation<\/strong><\/p>\n\n\n\n<ul>\n<li><a href=\"https:\/\/www.dogavebilim.com\/wp-content\/uploads\/2023\/12\/TUDAV_marine_cave_yayin-1.pdf\" target=\"_blank\" rel=\"noreferrer noopener\">Habitat Mapping of Underwater Bilge Ta\u015f Cave (Wisdom Stone Cave) in the Northeastern Mediterranean Sea: Structure and Biodiversity <\/a><\/li>\n<\/ul>\n\n\n\n<p class=\"has-text-align-center has-pale-cyan-blue-background-color has-background\"> <strong>Uluslararas\u0131 Yeni Nesil Biyometri \u00c7al\u0131\u015ftay\u0131<\/strong><\/p>\n\n\n\n<ul>\n<li><a rel=\"noreferrer noopener\" aria-label=\"Uluslararas\u0131 Yeni Nesil Biyometri \u00c7al\u0131\u015ftay\u0131 ve Kursu- Bildiri Kitab\u0131n\u0131 \u0130ndirmek \u0130\u00e7in T\u0131klay\u0131n\u0131z. (yeni sekmede a\u00e7\u0131l\u0131r)\" href=\"http:\/\/www.dogavebilim.com\/wp-content\/uploads\/2020\/01\/Proceeding_BookofNext_Generation_Biometry.pdf\" target=\"_blank\">Uluslararas\u0131 Yeni Nesil Biyometri \u00c7al\u0131\u015ftay\u0131- Bildiri Kitab\u0131n\u0131 \u0130ndirmek \u0130\u00e7in T\u0131klay\u0131n\u0131z.<\/a><\/li>\n<\/ul>\n\n\n\n<p class=\"has-text-align-center has-very-dark-gray-color has-light-green-cyan-background-color has-text-color has-background\"><strong>Uluslararas\u0131 Balon Bal\u0131\u011f\u0131 Sempozyumu<\/strong><\/p>\n\n\n\n<ul>\n<li><a rel=\"noreferrer noopener\" aria-label=\"Uluslararas\u0131 Balon Bal\u0131\u011f\u0131 Sempozyumu (ISP2017) - Sempoyum ve panel raporunu&nbsp;indirmek&nbsp;i\u00e7in&nbsp;t\u0131klay\u0131n\u0131z. (yeni sekmede a\u00e7\u0131l\u0131r)\" href=\"http:\/\/www.dogavebilim.com\/wp-content\/uploads\/2019\/01\/International-Symposium-of-Pufferfish-ISP2017-Symposium-and-Panel-Summary.pdf\" target=\"_blank\">Uluslararas\u0131 Balon Bal\u0131\u011f\u0131 Sempozyumu (ISP2017) &#8211; Panel raporunu&nbsp;indirmek&nbsp;i\u00e7in&nbsp;t\u0131klay\u0131n\u0131z.<\/a><\/li>\n<\/ul>\n\n\n\n<p class=\"has-text-align-center has-very-dark-gray-color has-text-color has-background\" style=\"background-color:#ca7872\"><strong>Uluslararas\u0131 Kaya Bal\u0131klar\u0131 \u00c7al\u0131\u015ftay\u0131 Panel Raporu<\/strong><\/p>\n\n\n\n<ul>\n<li><a href=\"http:\/\/www.dogavebilim.com\/wp-content\/uploads\/2019\/01\/Internation-Grouper-Workshop-IGW2016-Panel-Summary.pdf\" target=\"_blank\" rel=\"noreferrer noopener\" aria-label=\"Uluslararas\u0131 Kaya Bal\u0131klar\u0131 \u00c7al\u0131\u015ftay\u0131 (IGW2016)-Panel raporunu indirmek i\u00e7in t\u0131klay\u0131n\u0131z. (yeni sekmede a\u00e7\u0131l\u0131r)\">Uluslararas\u0131 Kaya Bal\u0131klar\u0131 \u00c7al\u0131\u015ftay\u0131 (IGW2016)-Panel raporunu indirmek i\u00e7in t\u0131klay\u0131n\u0131z.<\/a><\/li>\n<\/ul>\n","protected":false},"excerpt":{"rendered":"<p>2. Uluslararas\u0131 Balon bal\u0131\u011f\u0131 ve Aslan Bal\u0131\u011f\u0131 Sempozyumu &#8211; 2022 CAII4.0 \u2013 International Conference on Artificial Intelligence towards Industry 4.0-Proceeding&hellip;<\/p>\n","protected":false},"author":2,"featured_media":0,"parent":0,"menu_order":7,"comment_status":"closed","ping_status":"closed","template":"","meta":{"footnotes":""},"_links":{"self":[{"href":"https:\/\/www.dogavebilim.com\/index.php?rest_route=\/wp\/v2\/pages\/1304"}],"collection":[{"href":"https:\/\/www.dogavebilim.com\/index.php?rest_route=\/wp\/v2\/pages"}],"about":[{"href":"https:\/\/www.dogavebilim.com\/index.php?rest_route=\/wp\/v2\/types\/page"}],"author":[{"embeddable":true,"href":"https:\/\/www.dogavebilim.com\/index.php?rest_route=\/wp\/v2\/users\/2"}],"replies":[{"embeddable":true,"href":"https:\/\/www.dogavebilim.com\/index.php?rest_route=%2Fwp%2Fv2%2Fcomments&post=1304"}],"version-history":[{"count":14,"href":"https:\/\/www.dogavebilim.com\/index.php?rest_route=\/wp\/v2\/pages\/1304\/revisions"}],"predecessor-version":[{"id":2692,"href":"https:\/\/www.dogavebilim.com\/index.php?rest_route=\/wp\/v2\/pages\/1304\/revisions\/2692"}],"wp:attachment":[{"href":"https:\/\/www.dogavebilim.com\/index.php?rest_route=%2Fwp%2Fv2%2Fmedia&parent=1304"}],"curies":[{"name":"wp","href":"https:\/\/api.w.org\/{rel}","templated":true}]}}