{"id":1373,"date":"2019-01-15T15:35:19","date_gmt":"2019-01-15T12:35:19","guid":{"rendered":"http:\/\/www.dogavebilim.com\/?page_id=1373"},"modified":"2020-01-28T16:46:10","modified_gmt":"2020-01-28T13:46:10","slug":"donate-2","status":"publish","type":"page","link":"https:\/\/www.dogavebilim.com\/?page_id=1373","title":{"rendered":"BA\u011eI\u015e\/DONATE"},"content":{"rendered":"\n<p><strong>Bank Account Information:<\/strong> TL ACCOUNT \/ <br><strong>Name of the Bank:<\/strong> Halk Bankas\u0131<br><strong>Subsidiary: 5<\/strong> Temmuz \u015eubesi- \u0130skenderun<br><strong>Subsidiary Code:<\/strong> 1468<br><strong>Account Name:<\/strong> Do\u011fa ve Bilim Derne\u011fi<br><strong>Account Number:<\/strong> 58100017<br><strong>IBAN:<\/strong> TR26 0001 2001 4680 0016 1000 14<\/p>\n\n\n\n<hr class=\"wp-block-separator\"\/>\n\n\n\n<p><strong>Bank Account Information:<\/strong> EURO ACCOUNT<br><strong>Name of the Bank:<\/strong> Halk Bankas<br><strong>Subsidiary:<\/strong> 5 Temmuz \u015eubesi- \u0130skenderun<br><strong>Subsidiary Code: <\/strong>1468<br><strong>Account Name:<\/strong> Do\u011fa ve Bilim Derne\u011fi<br><strong>Account Number:<\/strong> 58100017<br><strong>IBAN:<\/strong> TR76 0001 2001 4680 0058 1000 17<br><strong>SWIFT Code:<\/strong> TRHB2A<\/p>\n","protected":false},"excerpt":{"rendered":"<p>Bank Account Information: TL ACCOUNT \/ Name of the Bank: Halk Bankas\u0131Subsidiary: 5 Temmuz \u015eubesi- \u0130skenderunSubsidiary Code: 1468Account Name: Do\u011fa&hellip;<\/p>\n","protected":false},"author":2,"featured_media":0,"parent":0,"menu_order":0,"comment_status":"closed","ping_status":"closed","template":"","meta":{"footnotes":""},"_links":{"self":[{"href":"https:\/\/www.dogavebilim.com\/index.php?rest_route=\/wp\/v2\/pages\/1373"}],"collection":[{"href":"https:\/\/www.dogavebilim.com\/index.php?rest_route=\/wp\/v2\/pages"}],"about":[{"href":"https:\/\/www.dogavebilim.com\/index.php?rest_route=\/wp\/v2\/types\/page"}],"author":[{"embeddable":true,"href":"https:\/\/www.dogavebilim.com\/index.php?rest_route=\/wp\/v2\/users\/2"}],"replies":[{"embeddable":true,"href":"https:\/\/www.dogavebilim.com\/index.php?rest_route=%2Fwp%2Fv2%2Fcomments&post=1373"}],"version-history":[{"count":8,"href":"https:\/\/www.dogavebilim.com\/index.php?rest_route=\/wp\/v2\/pages\/1373\/revisions"}],"predecessor-version":[{"id":1843,"href":"https:\/\/www.dogavebilim.com\/index.php?rest_route=\/wp\/v2\/pages\/1373\/revisions\/1843"}],"wp:attachment":[{"href":"https:\/\/www.dogavebilim.com\/index.php?rest_route=%2Fwp%2Fv2%2Fmedia&parent=1373"}],"curies":[{"name":"wp","href":"https:\/\/api.w.org\/{rel}","templated":true}]}}