{"id":1927,"date":"2020-02-10T12:00:23","date_gmt":"2020-02-10T09:00:23","guid":{"rendered":"http:\/\/www.dogavebilim.com\/?page_id=1927"},"modified":"2020-02-10T13:39:41","modified_gmt":"2020-02-10T10:39:41","slug":"izleme-programlari","status":"publish","type":"page","link":"https:\/\/www.dogavebilim.com\/?page_id=1927","title":{"rendered":"\u0130ZLEME PROGRAMLARI"},"content":{"rendered":"\n<h4 class=\"wp-block-heading\" style=\"text-align:center\"><br><strong>Denizanas\u0131 \u0130zleme Projesi (DBD-2016-P02)<\/strong><\/h4>\n\n\n\n<p>Daha fazla bilgi i\u00e7in resme t\u0131klay\u0131n\u0131z. <\/p>\n\n\n\n<figure class=\"wp-block-image\"><a href=\"http:\/\/dogavebilim.com\/denizanasi\/\" target=\"_blank\" rel=\"noreferrer noopener\"><img loading=\"lazy\" decoding=\"async\" width=\"1024\" height=\"307\" src=\"http:\/\/www.dogavebilim.com\/wp-content\/uploads\/2019\/01\/cropped-00000-1024x307.png\" alt=\"\" class=\"wp-image-1028\" srcset=\"https:\/\/www.dogavebilim.com\/wp-content\/uploads\/2019\/01\/cropped-00000-1024x307.png 1024w, https:\/\/www.dogavebilim.com\/wp-content\/uploads\/2019\/01\/cropped-00000-300x90.png 300w, https:\/\/www.dogavebilim.com\/wp-content\/uploads\/2019\/01\/cropped-00000-768x230.png 768w, https:\/\/www.dogavebilim.com\/wp-content\/uploads\/2019\/01\/cropped-00000.png 2030w\" sizes=\"(max-width: 1024px) 100vw, 1024px\" \/><\/a><\/figure>\n\n\n\n<figure class=\"wp-block-image\"><img loading=\"lazy\" decoding=\"async\" width=\"1024\" height=\"13\" src=\"http:\/\/www.dogavebilim.com\/wp-content\/uploads\/2019\/03\/Resim1-3-1024x13.jpg\" alt=\"\" class=\"wp-image-1510\" srcset=\"https:\/\/www.dogavebilim.com\/wp-content\/uploads\/2019\/03\/Resim1-3-1024x13.jpg 1024w, https:\/\/www.dogavebilim.com\/wp-content\/uploads\/2019\/03\/Resim1-3-300x4.jpg 300w, https:\/\/www.dogavebilim.com\/wp-content\/uploads\/2019\/03\/Resim1-3-768x9.jpg 768w, https:\/\/www.dogavebilim.com\/wp-content\/uploads\/2019\/03\/Resim1-3.jpg 1556w\" sizes=\"(max-width: 1024px) 100vw, 1024px\" \/><\/figure>\n\n\n\n<h4 class=\"wp-block-heading\" style=\"text-align:center\"> <br><strong>Alien Marine Species Monitoring Program of Turkey<\/strong><br><strong>(DBD-2016-P01)<\/strong> <\/h4>\n\n\n\n<p>Daha fazla bilgi i\u00e7in resme t\u0131klay\u0131n\u0131z. <\/p>\n\n\n\n<figure class=\"wp-block-image\"><a href=\"http:\/\/dogavebilim.com\/alimed\/\" target=\"_blank\" rel=\"noreferrer noopener\"><img loading=\"lazy\" decoding=\"async\" width=\"1024\" height=\"298\" src=\"http:\/\/www.dogavebilim.com\/wp-content\/uploads\/2019\/12\/LOGO-yaz\u0131s\u0131z-corel-1024x298.jpg\" alt=\"\" class=\"wp-image-1675\" srcset=\"https:\/\/www.dogavebilim.com\/wp-content\/uploads\/2019\/12\/LOGO-yaz\u0131s\u0131z-corel-1024x298.jpg 1024w, https:\/\/www.dogavebilim.com\/wp-content\/uploads\/2019\/12\/LOGO-yaz\u0131s\u0131z-corel-300x87.jpg 300w, https:\/\/www.dogavebilim.com\/wp-content\/uploads\/2019\/12\/LOGO-yaz\u0131s\u0131z-corel-768x223.jpg 768w, https:\/\/www.dogavebilim.com\/wp-content\/uploads\/2019\/12\/LOGO-yaz\u0131s\u0131z-corel.jpg 1227w\" sizes=\"(max-width: 1024px) 100vw, 1024px\" \/><\/a><\/figure>\n\n\n\n<figure class=\"wp-block-image\"><img loading=\"lazy\" decoding=\"async\" width=\"1024\" height=\"13\" src=\"http:\/\/www.dogavebilim.com\/wp-content\/uploads\/2019\/03\/Resim1-1024x13.jpg\" alt=\"\" class=\"wp-image-1500\" srcset=\"https:\/\/www.dogavebilim.com\/wp-content\/uploads\/2019\/03\/Resim1-1024x13.jpg 1024w, https:\/\/www.dogavebilim.com\/wp-content\/uploads\/2019\/03\/Resim1-300x4.jpg 300w, https:\/\/www.dogavebilim.com\/wp-content\/uploads\/2019\/03\/Resim1-768x9.jpg 768w, https:\/\/www.dogavebilim.com\/wp-content\/uploads\/2019\/03\/Resim1.jpg 1556w\" sizes=\"(max-width: 1024px) 100vw, 1024px\" \/><\/figure>\n","protected":false},"excerpt":{"rendered":"<p>Denizanas\u0131 \u0130zleme Projesi (DBD-2016-P02) Daha fazla bilgi i\u00e7in resme t\u0131klay\u0131n\u0131z. Alien Marine Species Monitoring Program of Turkey(DBD-2016-P01) Daha fazla bilgi&hellip;<\/p>\n","protected":false},"author":2,"featured_media":0,"parent":0,"menu_order":3,"comment_status":"closed","ping_status":"closed","template":"","meta":{"footnotes":""},"_links":{"self":[{"href":"https:\/\/www.dogavebilim.com\/index.php?rest_route=\/wp\/v2\/pages\/1927"}],"collection":[{"href":"https:\/\/www.dogavebilim.com\/index.php?rest_route=\/wp\/v2\/pages"}],"about":[{"href":"https:\/\/www.dogavebilim.com\/index.php?rest_route=\/wp\/v2\/types\/page"}],"author":[{"embeddable":true,"href":"https:\/\/www.dogavebilim.com\/index.php?rest_route=\/wp\/v2\/users\/2"}],"replies":[{"embeddable":true,"href":"https:\/\/www.dogavebilim.com\/index.php?rest_route=%2Fwp%2Fv2%2Fcomments&post=1927"}],"version-history":[{"count":2,"href":"https:\/\/www.dogavebilim.com\/index.php?rest_route=\/wp\/v2\/pages\/1927\/revisions"}],"predecessor-version":[{"id":1933,"href":"https:\/\/www.dogavebilim.com\/index.php?rest_route=\/wp\/v2\/pages\/1927\/revisions\/1933"}],"wp:attachment":[{"href":"https:\/\/www.dogavebilim.com\/index.php?rest_route=%2Fwp%2Fv2%2Fmedia&parent=1927"}],"curies":[{"name":"wp","href":"https:\/\/api.w.org\/{rel}","templated":true}]}}