{"id":2322,"date":"2023-02-06T03:08:08","date_gmt":"2023-02-06T00:08:08","guid":{"rendered":"https:\/\/www.dogavebilim.com\/?page_id=2322"},"modified":"2025-12-23T11:54:20","modified_gmt":"2025-12-23T08:54:20","slug":"hatay-samandag-kiyisinda-deniz-koruma-alani-onerisi-projesi-dbd-2022-p02","status":"publish","type":"page","link":"https:\/\/www.dogavebilim.com\/?page_id=2322","title":{"rendered":"Hatay Samanda\u011f K\u0131y\u0131s\u0131nda Deniz Koruma Alan\u0131 \u00c7al\u0131\u015fmas\u0131 (DBD-2022-P02)"},"content":{"rendered":"\n<figure class=\"wp-block-image size-large\"><img loading=\"lazy\" decoding=\"async\" width=\"1024\" height=\"768\" src=\"https:\/\/www.dogavebilim.com\/wp-content\/uploads\/2023\/02\/PB200699-1024x768.jpg\" alt=\"\" class=\"wp-image-2329\" srcset=\"https:\/\/www.dogavebilim.com\/wp-content\/uploads\/2023\/02\/PB200699-1024x768.jpg 1024w, https:\/\/www.dogavebilim.com\/wp-content\/uploads\/2023\/02\/PB200699-300x225.jpg 300w, https:\/\/www.dogavebilim.com\/wp-content\/uploads\/2023\/02\/PB200699-768x576.jpg 768w, https:\/\/www.dogavebilim.com\/wp-content\/uploads\/2023\/02\/PB200699-1536x1152.jpg 1536w, https:\/\/www.dogavebilim.com\/wp-content\/uploads\/2023\/02\/PB200699-2048x1536.jpg 2048w, https:\/\/www.dogavebilim.com\/wp-content\/uploads\/2023\/02\/PB200699-160x120.jpg 160w\" sizes=\"(max-width: 1024px) 100vw, 1024px\" \/><\/figure>\n\n\n\n<figure class=\"wp-block-image size-large\"><img loading=\"lazy\" decoding=\"async\" width=\"1024\" height=\"768\" src=\"https:\/\/www.dogavebilim.com\/wp-content\/uploads\/2023\/02\/akya-1024x768.jpg\" alt=\"\" class=\"wp-image-2323\" srcset=\"https:\/\/www.dogavebilim.com\/wp-content\/uploads\/2023\/02\/akya-1024x768.jpg 1024w, https:\/\/www.dogavebilim.com\/wp-content\/uploads\/2023\/02\/akya-300x225.jpg 300w, https:\/\/www.dogavebilim.com\/wp-content\/uploads\/2023\/02\/akya-768x576.jpg 768w, https:\/\/www.dogavebilim.com\/wp-content\/uploads\/2023\/02\/akya-1536x1152.jpg 1536w, https:\/\/www.dogavebilim.com\/wp-content\/uploads\/2023\/02\/akya-2048x1536.jpg 2048w, https:\/\/www.dogavebilim.com\/wp-content\/uploads\/2023\/02\/akya-160x120.jpg 160w\" sizes=\"(max-width: 1024px) 100vw, 1024px\" \/><\/figure>\n\n\n\n<figure class=\"wp-block-image size-large\"><img loading=\"lazy\" decoding=\"async\" width=\"578\" height=\"370\" src=\"https:\/\/www.dogavebilim.com\/wp-content\/uploads\/2023\/02\/kemane.jpg\" alt=\"\" class=\"wp-image-2324\" srcset=\"https:\/\/www.dogavebilim.com\/wp-content\/uploads\/2023\/02\/kemane.jpg 578w, https:\/\/www.dogavebilim.com\/wp-content\/uploads\/2023\/02\/kemane-300x192.jpg 300w\" sizes=\"(max-width: 578px) 100vw, 578px\" \/><\/figure>\n\n\n\n<figure class=\"wp-block-image size-large\"><img loading=\"lazy\" decoding=\"async\" width=\"1024\" height=\"768\" src=\"https:\/\/www.dogavebilim.com\/wp-content\/uploads\/2023\/02\/PB130355-1024x768.jpg\" alt=\"\" class=\"wp-image-2325\" srcset=\"https:\/\/www.dogavebilim.com\/wp-content\/uploads\/2023\/02\/PB130355-1024x768.jpg 1024w, https:\/\/www.dogavebilim.com\/wp-content\/uploads\/2023\/02\/PB130355-300x225.jpg 300w, https:\/\/www.dogavebilim.com\/wp-content\/uploads\/2023\/02\/PB130355-768x576.jpg 768w, https:\/\/www.dogavebilim.com\/wp-content\/uploads\/2023\/02\/PB130355-1536x1152.jpg 1536w, https:\/\/www.dogavebilim.com\/wp-content\/uploads\/2023\/02\/PB130355-2048x1536.jpg 2048w, https:\/\/www.dogavebilim.com\/wp-content\/uploads\/2023\/02\/PB130355-160x120.jpg 160w\" sizes=\"(max-width: 1024px) 100vw, 1024px\" \/><\/figure>\n\n\n\n<figure class=\"wp-block-image size-large\"><img loading=\"lazy\" decoding=\"async\" width=\"1024\" height=\"675\" src=\"https:\/\/www.dogavebilim.com\/wp-content\/uploads\/2023\/02\/PB130386-2-1024x675.jpg\" alt=\"\" class=\"wp-image-2326\" srcset=\"https:\/\/www.dogavebilim.com\/wp-content\/uploads\/2023\/02\/PB130386-2-1024x675.jpg 1024w, https:\/\/www.dogavebilim.com\/wp-content\/uploads\/2023\/02\/PB130386-2-300x198.jpg 300w, https:\/\/www.dogavebilim.com\/wp-content\/uploads\/2023\/02\/PB130386-2-768x506.jpg 768w, https:\/\/www.dogavebilim.com\/wp-content\/uploads\/2023\/02\/PB130386-2-1536x1013.jpg 1536w, https:\/\/www.dogavebilim.com\/wp-content\/uploads\/2023\/02\/PB130386-2-2048x1351.jpg 2048w\" sizes=\"(max-width: 1024px) 100vw, 1024px\" \/><\/figure>\n\n\n\n<figure class=\"wp-block-image size-large\"><img loading=\"lazy\" decoding=\"async\" width=\"1024\" height=\"768\" src=\"https:\/\/www.dogavebilim.com\/wp-content\/uploads\/2023\/02\/PB140442-2-1024x768.jpg\" alt=\"\" class=\"wp-image-2327\" srcset=\"https:\/\/www.dogavebilim.com\/wp-content\/uploads\/2023\/02\/PB140442-2-1024x768.jpg 1024w, https:\/\/www.dogavebilim.com\/wp-content\/uploads\/2023\/02\/PB140442-2-300x225.jpg 300w, https:\/\/www.dogavebilim.com\/wp-content\/uploads\/2023\/02\/PB140442-2-768x576.jpg 768w, https:\/\/www.dogavebilim.com\/wp-content\/uploads\/2023\/02\/PB140442-2-1536x1152.jpg 1536w, https:\/\/www.dogavebilim.com\/wp-content\/uploads\/2023\/02\/PB140442-2-2048x1536.jpg 2048w, https:\/\/www.dogavebilim.com\/wp-content\/uploads\/2023\/02\/PB140442-2-160x120.jpg 160w\" sizes=\"(max-width: 1024px) 100vw, 1024px\" \/><\/figure>\n\n\n\n<figure class=\"wp-block-image size-large\"><img loading=\"lazy\" decoding=\"async\" width=\"1024\" height=\"768\" src=\"https:\/\/www.dogavebilim.com\/wp-content\/uploads\/2023\/02\/PB130392-1024x768.jpg\" alt=\"\" class=\"wp-image-2328\" srcset=\"https:\/\/www.dogavebilim.com\/wp-content\/uploads\/2023\/02\/PB130392-1024x768.jpg 1024w, https:\/\/www.dogavebilim.com\/wp-content\/uploads\/2023\/02\/PB130392-300x225.jpg 300w, https:\/\/www.dogavebilim.com\/wp-content\/uploads\/2023\/02\/PB130392-768x576.jpg 768w, https:\/\/www.dogavebilim.com\/wp-content\/uploads\/2023\/02\/PB130392-1536x1152.jpg 1536w, https:\/\/www.dogavebilim.com\/wp-content\/uploads\/2023\/02\/PB130392-2048x1536.jpg 2048w, https:\/\/www.dogavebilim.com\/wp-content\/uploads\/2023\/02\/PB130392-160x120.jpg 160w\" sizes=\"(max-width: 1024px) 100vw, 1024px\" \/><\/figure>\n\n\n\n<figure class=\"wp-block-image size-large\"><img loading=\"lazy\" decoding=\"async\" width=\"1024\" height=\"768\" src=\"https:\/\/www.dogavebilim.com\/wp-content\/uploads\/2023\/02\/PB240743-1024x768.jpg\" alt=\"\" class=\"wp-image-2330\" srcset=\"https:\/\/www.dogavebilim.com\/wp-content\/uploads\/2023\/02\/PB240743-1024x768.jpg 1024w, https:\/\/www.dogavebilim.com\/wp-content\/uploads\/2023\/02\/PB240743-300x225.jpg 300w, https:\/\/www.dogavebilim.com\/wp-content\/uploads\/2023\/02\/PB240743-768x576.jpg 768w, https:\/\/www.dogavebilim.com\/wp-content\/uploads\/2023\/02\/PB240743-1536x1152.jpg 1536w, https:\/\/www.dogavebilim.com\/wp-content\/uploads\/2023\/02\/PB240743-2048x1536.jpg 2048w, https:\/\/www.dogavebilim.com\/wp-content\/uploads\/2023\/02\/PB240743-160x120.jpg 160w\" sizes=\"(max-width: 1024px) 100vw, 1024px\" \/><\/figure>\n\n\n\n<figure class=\"wp-block-image size-large\"><img loading=\"lazy\" decoding=\"async\" width=\"1024\" height=\"768\" src=\"https:\/\/www.dogavebilim.com\/wp-content\/uploads\/2023\/02\/PB240797-1024x768.jpg\" alt=\"\" class=\"wp-image-2331\" srcset=\"https:\/\/www.dogavebilim.com\/wp-content\/uploads\/2023\/02\/PB240797-1024x768.jpg 1024w, https:\/\/www.dogavebilim.com\/wp-content\/uploads\/2023\/02\/PB240797-300x225.jpg 300w, https:\/\/www.dogavebilim.com\/wp-content\/uploads\/2023\/02\/PB240797-768x576.jpg 768w, https:\/\/www.dogavebilim.com\/wp-content\/uploads\/2023\/02\/PB240797-1536x1152.jpg 1536w, https:\/\/www.dogavebilim.com\/wp-content\/uploads\/2023\/02\/PB240797-2048x1536.jpg 2048w, https:\/\/www.dogavebilim.com\/wp-content\/uploads\/2023\/02\/PB240797-160x120.jpg 160w\" sizes=\"(max-width: 1024px) 100vw, 1024px\" \/><\/figure>\n\n\n\n<figure class=\"wp-block-image size-large\"><img loading=\"lazy\" decoding=\"async\" width=\"1024\" height=\"768\" src=\"https:\/\/www.dogavebilim.com\/wp-content\/uploads\/2023\/02\/PB240807-1024x768.jpg\" alt=\"\" class=\"wp-image-2332\" srcset=\"https:\/\/www.dogavebilim.com\/wp-content\/uploads\/2023\/02\/PB240807-1024x768.jpg 1024w, https:\/\/www.dogavebilim.com\/wp-content\/uploads\/2023\/02\/PB240807-300x225.jpg 300w, https:\/\/www.dogavebilim.com\/wp-content\/uploads\/2023\/02\/PB240807-768x576.jpg 768w, https:\/\/www.dogavebilim.com\/wp-content\/uploads\/2023\/02\/PB240807-1536x1152.jpg 1536w, https:\/\/www.dogavebilim.com\/wp-content\/uploads\/2023\/02\/PB240807-2048x1536.jpg 2048w, https:\/\/www.dogavebilim.com\/wp-content\/uploads\/2023\/02\/PB240807-160x120.jpg 160w\" sizes=\"(max-width: 1024px) 100vw, 1024px\" \/><\/figure>\n\n\n\n<figure class=\"wp-block-image size-large\"><img loading=\"lazy\" decoding=\"async\" width=\"901\" height=\"1024\" src=\"https:\/\/www.dogavebilim.com\/wp-content\/uploads\/2023\/02\/PC161122-3-901x1024.jpg\" alt=\"\" class=\"wp-image-2333\" srcset=\"https:\/\/www.dogavebilim.com\/wp-content\/uploads\/2023\/02\/PC161122-3-901x1024.jpg 901w, https:\/\/www.dogavebilim.com\/wp-content\/uploads\/2023\/02\/PC161122-3-264x300.jpg 264w, https:\/\/www.dogavebilim.com\/wp-content\/uploads\/2023\/02\/PC161122-3-768x873.jpg 768w, https:\/\/www.dogavebilim.com\/wp-content\/uploads\/2023\/02\/PC161122-3-1352x1536.jpg 1352w, https:\/\/www.dogavebilim.com\/wp-content\/uploads\/2023\/02\/PC161122-3-1803x2048.jpg 1803w\" sizes=\"(max-width: 901px) 100vw, 901px\" \/><\/figure>\n\n\n\n<p><\/p>\n","protected":false},"excerpt":{"rendered":"","protected":false},"author":2,"featured_media":0,"parent":0,"menu_order":0,"comment_status":"closed","ping_status":"closed","template":"","meta":{"footnotes":""},"_links":{"self":[{"href":"https:\/\/www.dogavebilim.com\/index.php?rest_route=\/wp\/v2\/pages\/2322"}],"collection":[{"href":"https:\/\/www.dogavebilim.com\/index.php?rest_route=\/wp\/v2\/pages"}],"about":[{"href":"https:\/\/www.dogavebilim.com\/index.php?rest_route=\/wp\/v2\/types\/page"}],"author":[{"embeddable":true,"href":"https:\/\/www.dogavebilim.com\/index.php?rest_route=\/wp\/v2\/users\/2"}],"replies":[{"embeddable":true,"href":"https:\/\/www.dogavebilim.com\/index.php?rest_route=%2Fwp%2Fv2%2Fcomments&post=2322"}],"version-history":[{"count":2,"href":"https:\/\/www.dogavebilim.com\/index.php?rest_route=\/wp\/v2\/pages\/2322\/revisions"}],"predecessor-version":[{"id":2796,"href":"https:\/\/www.dogavebilim.com\/index.php?rest_route=\/wp\/v2\/pages\/2322\/revisions\/2796"}],"wp:attachment":[{"href":"https:\/\/www.dogavebilim.com\/index.php?rest_route=%2Fwp%2Fv2%2Fmedia&parent=2322"}],"curies":[{"name":"wp","href":"https:\/\/api.w.org\/{rel}","templated":true}]}}