{"id":2811,"date":"2025-12-23T12:03:27","date_gmt":"2025-12-23T09:03:27","guid":{"rendered":"https:\/\/www.dogavebilim.com\/?page_id=2811"},"modified":"2025-12-27T10:36:35","modified_gmt":"2025-12-27T07:36:35","slug":"elasmobranch-calisma-grubu","status":"publish","type":"page","link":"https:\/\/www.dogavebilim.com\/?page_id=2811","title":{"rendered":"ELASMOBRANCH \u00c7ALI\u015eMA GRUBU"},"content":{"rendered":"\n<figure class=\"wp-block-image size-large\"><img loading=\"lazy\" decoding=\"async\" width=\"1024\" height=\"488\" src=\"https:\/\/www.dogavebilim.com\/wp-content\/uploads\/2025\/12\/elasmo-tr-1024x488.jpg\" alt=\"\" class=\"wp-image-2826\" srcset=\"https:\/\/www.dogavebilim.com\/wp-content\/uploads\/2025\/12\/elasmo-tr-1024x488.jpg 1024w, https:\/\/www.dogavebilim.com\/wp-content\/uploads\/2025\/12\/elasmo-tr-300x143.jpg 300w, https:\/\/www.dogavebilim.com\/wp-content\/uploads\/2025\/12\/elasmo-tr-768x366.jpg 768w, https:\/\/www.dogavebilim.com\/wp-content\/uploads\/2025\/12\/elasmo-tr-1536x732.jpg 1536w, https:\/\/www.dogavebilim.com\/wp-content\/uploads\/2025\/12\/elasmo-tr-2048x976.jpg 2048w\" sizes=\"(max-width: 1024px) 100vw, 1024px\" \/><\/figure>\n\n\n\n<p>Grubumuz, Akdeniz k\u0131y\u0131lar\u0131nda bulunan k\u00f6pek bal\u0131\u011f\u0131, vatoz ve kimera (Elasmobranchii) t\u00fcrlerinin korunmas\u0131n\u0131 esas alarak; bu t\u00fcrlerin ya\u015fam alanlar\u0131n\u0131n s\u00fcrd\u00fcr\u00fclebilirli\u011finin sa\u011flanmas\u0131, pop\u00fclasyon durumlar\u0131n\u0131n izlenmesi ve mevcut veri eksikliklerinin giderilmesine y\u00f6nelik bilimsel, teknik ve saha temelli \u00e7al\u0131\u015fmalar y\u00fcr\u00fctmeyi ama\u00e7lamaktad\u0131r.<\/p>\n\n\n\n<p>Bu kapsamda \u00e7al\u0131\u015fma grubumuz;<\/p>\n\n\n\n<p>T\u00fcrlerin da\u011f\u0131l\u0131m\u0131, bollu\u011fu ve ekolojik rolleri hakk\u0131nda veri toplamak,<\/p>\n\n\n\n<p>Tehdit unsurlar\u0131n\u0131 (yan av, habitat kayb\u0131, kirlilik, iklim de\u011fi\u015fikli\u011fi vb.) belirlemek ve azaltmaya y\u00f6nelik \u00e7\u00f6z\u00fcm \u00f6nerileri geli\u015ftirmek,<\/p>\n\n\n\n<p>Ulusal ve uluslararas\u0131 koruma stratejileriyle uyumlu bilimsel \u00e7\u0131kt\u0131lar \u00fcretmek,<\/p>\n\n\n\n<p>Bal\u0131k\u00e7\u0131lar, yerel topluluklar, akademisyenler ve ilgili kurumlarla i\u015f birli\u011fi yaparak fark\u0131ndal\u0131k ve kapasite geli\u015ftirme faaliyetleri y\u00fcr\u00fctmek,<\/p>\n\n\n\n<p>Uzun vadeli izleme ve koruma programlar\u0131n\u0131n olu\u015fturulmas\u0131na katk\u0131 sa\u011flamak \u00fczere \u00e7al\u0131\u015fmalar\u0131n\u0131 s\u00fcrd\u00fcrmeyi hedeflemektedir.<\/p>\n\n\n\n<h1 class=\"wp-block-heading\">\u00c7al\u0131\u015fma Grubu<\/h1>\n\n\n\n<h3 class=\"wp-block-heading\">Koordinat\u00f6r<\/h3>\n\n\n\n<p>Prof. Dr. Cemal TURAN<\/p>\n\n\n\n<h3 class=\"wp-block-heading\">\u00dcyeler<\/h3>\n\n\n\n<p>Prof. Dr. Alen SOLDO<\/p>\n\n\n\n<p>Prof. Dr. Bayram \u00d6ZT\u00dcRK<\/p>\n\n\n\n<p>Prof. Dr. Sefa Ayhan DEM\u0130RHAN<\/p>\n\n\n\n<p>Prof. Dr. Nuri BA\u015eUSTA<\/p>\n\n\n\n<p>Prof. Dr. Deniz AYAS<\/p>\n\n\n\n<p>Dr. \u00d6\u011fr. \u00dcyesi Servet Ahmet DO\u011eDU<\/p>\n\n\n\n<p>Dr. Hakan KABASAKAL<\/p>\n","protected":false},"excerpt":{"rendered":"<p>Grubumuz, Akdeniz k\u0131y\u0131lar\u0131nda bulunan k\u00f6pek bal\u0131\u011f\u0131, vatoz ve kimera (Elasmobranchii) t\u00fcrlerinin korunmas\u0131n\u0131 esas alarak; bu t\u00fcrlerin ya\u015fam alanlar\u0131n\u0131n s\u00fcrd\u00fcr\u00fclebilirli\u011finin sa\u011flanmas\u0131,&hellip;<\/p>\n","protected":false},"author":2,"featured_media":0,"parent":0,"menu_order":0,"comment_status":"closed","ping_status":"closed","template":"","meta":{"footnotes":""},"_links":{"self":[{"href":"https:\/\/www.dogavebilim.com\/index.php?rest_route=\/wp\/v2\/pages\/2811"}],"collection":[{"href":"https:\/\/www.dogavebilim.com\/index.php?rest_route=\/wp\/v2\/pages"}],"about":[{"href":"https:\/\/www.dogavebilim.com\/index.php?rest_route=\/wp\/v2\/types\/page"}],"author":[{"embeddable":true,"href":"https:\/\/www.dogavebilim.com\/index.php?rest_route=\/wp\/v2\/users\/2"}],"replies":[{"embeddable":true,"href":"https:\/\/www.dogavebilim.com\/index.php?rest_route=%2Fwp%2Fv2%2Fcomments&post=2811"}],"version-history":[{"count":4,"href":"https:\/\/www.dogavebilim.com\/index.php?rest_route=\/wp\/v2\/pages\/2811\/revisions"}],"predecessor-version":[{"id":2827,"href":"https:\/\/www.dogavebilim.com\/index.php?rest_route=\/wp\/v2\/pages\/2811\/revisions\/2827"}],"wp:attachment":[{"href":"https:\/\/www.dogavebilim.com\/index.php?rest_route=%2Fwp%2Fv2%2Fmedia&parent=2811"}],"curies":[{"name":"wp","href":"https:\/\/api.w.org\/{rel}","templated":true}]}}