{"id":412,"date":"2017-12-19T12:55:11","date_gmt":"2017-12-19T09:55:11","guid":{"rendered":"http:\/\/www.dogavebilim.com\/?page_id=412"},"modified":"2022-08-12T15:56:24","modified_gmt":"2022-08-12T12:56:24","slug":"activities","status":"publish","type":"page","link":"https:\/\/www.dogavebilim.com\/?page_id=412&lang=en","title":{"rendered":"OUR CAMPAIGN"},"content":{"rendered":"\n<p class=\"has-text-align-center has-white-color has-luminous-vivid-orange-background-color has-text-color has-background\" style=\"font-size:18px\"><strong>\u201cConservation of Marine Biodiversity and Development of Small-Scale Fisheries\u201d Lionfish Catch Event Poster<\/strong><\/p>\n\n\n\n<figure class=\"wp-block-image size-large\"><a href=\"https:\/\/www.dogavebilim.com\/?page_id=2266&amp;lang=en\" target=\"_blank\" rel=\"noopener\"><img loading=\"lazy\" decoding=\"async\" width=\"1024\" height=\"1024\" src=\"https:\/\/www.dogavebilim.com\/wp-content\/uploads\/2022\/08\/WhatsApp-Image-2022-08-12-at-13.36.04-1024x1024.jpeg\" alt=\"\" class=\"wp-image-2289\" srcset=\"https:\/\/www.dogavebilim.com\/wp-content\/uploads\/2022\/08\/WhatsApp-Image-2022-08-12-at-13.36.04-1024x1024.jpeg 1024w, https:\/\/www.dogavebilim.com\/wp-content\/uploads\/2022\/08\/WhatsApp-Image-2022-08-12-at-13.36.04-300x300.jpeg 300w, https:\/\/www.dogavebilim.com\/wp-content\/uploads\/2022\/08\/WhatsApp-Image-2022-08-12-at-13.36.04-150x150.jpeg 150w, https:\/\/www.dogavebilim.com\/wp-content\/uploads\/2022\/08\/WhatsApp-Image-2022-08-12-at-13.36.04-768x768.jpeg 768w, https:\/\/www.dogavebilim.com\/wp-content\/uploads\/2022\/08\/WhatsApp-Image-2022-08-12-at-13.36.04.jpeg 1080w\" sizes=\"(max-width: 1024px) 100vw, 1024px\" \/><\/a><\/figure>\n\n\n\n<ul><li>Click <a rel=\"noreferrer noopener\" href=\"https:\/\/www.dogavebilim.com\/wp-content\/uploads\/2022\/08\/aslan-afis.jpg\" target=\"_blank\">here <\/a>to download the poster for the &#8220;<strong>Lionfish Catch Event<\/strong> &#8220;.<\/li><\/ul>\n\n\n\n<p class=\"has-text-align-center has-vivid-red-color has-pale-cyan-blue-background-color has-text-color has-background has-large-font-size\"><strong>Awarness of Venomous and Stingy Marine Species<\/strong><br><\/p>\n\n\n\n<figure class=\"wp-block-image\"><img loading=\"lazy\" decoding=\"async\" width=\"768\" height=\"1024\" src=\"http:\/\/www.dogavebilim.com\/wp-content\/uploads\/2019\/12\/Afi\u015f-servet-ct-1-768x1024.jpg\" alt=\"\" class=\"wp-image-1698\" srcset=\"https:\/\/www.dogavebilim.com\/wp-content\/uploads\/2019\/12\/Afi\u015f-servet-ct-1-768x1024.jpg 768w, https:\/\/www.dogavebilim.com\/wp-content\/uploads\/2019\/12\/Afi\u015f-servet-ct-1-225x300.jpg 225w\" sizes=\"(max-width: 768px) 100vw, 768px\" \/><\/figure>\n\n\n\n<ul><li>Click <a href=\"http:\/\/www.dogavebilim.com\/wp-content\/uploads\/2019\/12\/Afi%C5%9F-servet-ct.pdf\" target=\"_blank\" rel=\"noreferrer noopener\" aria-label=\"here  (yeni sekmede a\u00e7\u0131l\u0131r)\">here <\/a>to download the poster for the &#8220;<strong>Dangerous Sea Species<\/strong> &#8221; campaign<strong>.<\/strong><\/li><\/ul>\n\n\n\n<p class=\"has-text-align-center has-vivid-red-color has-cyan-bluish-gray-background-color has-text-color has-background has-large-font-size\"><strong>Barbecue  Lion Fish<\/strong><\/p>\n\n\n\n<p><strong>The lion fish from the Red Sea to the seas of Turkey are not consumed because of the toxic fin rays. This leads to excessive proliferates in our seas and major damages to our marine ecosystem. To raise awareness of the fishermen and the public about the fact that the lionfish is a tasty fish that can actually be eaten, to promote this type of economy and to reduce its harmful pressure to the marine ecosystem, as the Society of Nature and Science &#8221; We started the &#8220;Mangalda ASLAN&#8221; campaign.<\/strong><\/p>\n\n\n\n<figure class=\"wp-block-image\"><img loading=\"lazy\" decoding=\"async\" width=\"709\" height=\"1024\" src=\"http:\/\/www.dogavebilim.com\/wp-content\/uploads\/2019\/01\/lionfish-tr-709x1024.jpg\" alt=\"\" class=\"wp-image-815\" srcset=\"https:\/\/www.dogavebilim.com\/wp-content\/uploads\/2019\/01\/lionfish-tr-709x1024.jpg 709w, https:\/\/www.dogavebilim.com\/wp-content\/uploads\/2019\/01\/lionfish-tr-208x300.jpg 208w, https:\/\/www.dogavebilim.com\/wp-content\/uploads\/2019\/01\/lionfish-tr.jpg 720w\" sizes=\"(max-width: 709px) 100vw, 709px\" \/><\/figure>\n\n\n\n<p class=\"has-text-align-center has-vivid-cyan-blue-color has-cyan-bluish-gray-background-color has-text-color has-background has-large-font-size\">Save the Groupers<\/p>\n\n\n\n<p>The endemic species of the Mediterranean, Lagos (Epinephelus aeneus) and Orfoz (Epinephelus marginatus) have become the point of extinction in our seas as a result of excessive hunting. In the Red List of the International Nature Protection Association (IUCN), 29800 of the 13.08.2016 of the Turkish Ministry of Agriculture and Forestry in order to ensure the continuity of these species as stated in the Endangered (endangered) The hunting and sale of aquaculture published in the Official Gazette numbered 1 September 2016 to 31 August 2020 is prohibited. We have a campaign called &#8220;Let&#8217;s Live Lagos and Orfozu&#8221; with the motto &#8220;Do Something,&#8221; as the Society of Nature and science to raise awareness of our fishermen and our p<strong>eople about how impo<\/strong>rtant fish ar<strong>e for our country and t<\/strong>he Mediterranean. We started.<\/p>\n\n\n\n<ul><li>Click <a href=\"http:\/\/www.dogavebilim.com\/wp-content\/uploads\/2018\/11\/Save-the-groupers-poster-2.pdf\" target=\"_blank\" rel=\"noreferrer noopener\" aria-label=\"here  (yeni sekmede a\u00e7\u0131l\u0131r)\">here <\/a>to download the poster for &#8220;Save the Groupers&#8221; campaign.<\/li><\/ul>\n\n\n\n<div class=\"wp-block-image\"><figure class=\"aligncenter is-resized\"><img loading=\"lazy\" decoding=\"async\" src=\"http:\/\/www.dogavebilim.com\/wp-content\/uploads\/2019\/01\/Save-the-groupers-poster-1-1-724x1024.jpg\" alt=\"\" class=\"wp-image-923\" width=\"700\" height=\"1024\"\/><\/figure><\/div>\n\n\n\n<p class=\"has-text-align-center has-very-light-gray-color has-text-color has-background has-medium-font-size\" style=\"background-color:#21ce8e\"><strong>International Symposium on Pufferfish<\/strong><\/p>\n\n\n\n<figure class=\"wp-block-image\"><img loading=\"lazy\" decoding=\"async\" width=\"1024\" height=\"280\" src=\"http:\/\/www.dogavebilim.com\/wp-content\/uploads\/2019\/01\/Symposium-Pufferfish-saydam-1024x280-1024x280.png\" alt=\"\" class=\"wp-image-1112\" srcset=\"https:\/\/www.dogavebilim.com\/wp-content\/uploads\/2019\/01\/Symposium-Pufferfish-saydam-1024x280.png 1024w, https:\/\/www.dogavebilim.com\/wp-content\/uploads\/2019\/01\/Symposium-Pufferfish-saydam-1024x280-300x82.png 300w, https:\/\/www.dogavebilim.com\/wp-content\/uploads\/2019\/01\/Symposium-Pufferfish-saydam-1024x280-768x210.png 768w\" sizes=\"(max-width: 1024px) 100vw, 1024px\" \/><\/figure>\n\n\n\n<p>&#8220;International Balloon Fish Symposium&#8221; organized as an international event in Bodrum on October 2017, 13-14, is the symposium which brings together leading scientists from many parts of the world, &#8220;th<em>e types of balloon fish Effects on the ecosystem, effects of public health, monitoring, effects of fishering, life characteristics of species, an<\/em>d risks &#8220;evaluations were made. Expert scientists, senior executives of the Ministry of Food, Agriculture and livestock, representatives of the foundation and Associations of the Association and the participation of fishermen, the Symposium, which causes great problems in the world, the balloon fish in the future To develop the necessary strategies to prevent larger problems, to share information and to create awareness.&nbsp;<\/p>\n\n\n\n<p class=\"has-text-align-center has-very-light-gray-color has-pale-cyan-blue-background-color has-text-color has-background has-medium-font-size\"><strong>International Grouper Workshop<\/strong><\/p>\n\n\n\n<figure class=\"wp-block-image\"><img loading=\"lazy\" decoding=\"async\" width=\"1024\" height=\"350\" src=\"http:\/\/www.dogavebilim.com\/wp-content\/uploads\/2017\/12\/afis-1024x350.png\" alt=\"\" class=\"wp-image-370\" srcset=\"https:\/\/www.dogavebilim.com\/wp-content\/uploads\/2017\/12\/afis-1024x350.png 1024w, https:\/\/www.dogavebilim.com\/wp-content\/uploads\/2017\/12\/afis-300x103.png 300w, https:\/\/www.dogavebilim.com\/wp-content\/uploads\/2017\/12\/afis-768x263.png 768w, https:\/\/www.dogavebilim.com\/wp-content\/uploads\/2017\/12\/afis.png 1293w\" sizes=\"(max-width: 1024px) 100vw, 1024px\" \/><\/figure>\n\n\n\n<p>The &#8220;International Lagos-Grouper Workshop&#8221;, which was held in Turkey and the second in Europe, was held in Bodrum Mugla. With scientists from 7 countries, including Britain, Malta, France, Greece, Germany, Egypt, Spain, and scientists from Turkey, 22 universities, as well as senior executives of the Ministry of Food Agriculture and livestock, Turkey Deniz Research Foundation, head of the Turkish Fisheries Cooperatives Union, Fisheries cooparatists Regional Union presidents, fishermen, representatives of the Association of Wildlife Conservation (WWF), major city municipal representatives and association related to the subject Participation of the representatives. <br>Development of the necessary strategies for the future sustainability of Lagos and grouper, which are also reported to international organizations with high economic value in our country and in the world and are threatened by the generation, sharing of information and awareness .<\/p>\n","protected":false},"excerpt":{"rendered":"<p>\u201cConservation of Marine Biodiversity and Development of Small-Scale Fisheries\u201d Lionfish Catch Event Poster Click here to download the poster for&hellip;<\/p>\n","protected":false},"author":3,"featured_media":0,"parent":0,"menu_order":4,"comment_status":"closed","ping_status":"closed","template":"","meta":{"footnotes":""},"_links":{"self":[{"href":"https:\/\/www.dogavebilim.com\/index.php?rest_route=\/wp\/v2\/pages\/412"}],"collection":[{"href":"https:\/\/www.dogavebilim.com\/index.php?rest_route=\/wp\/v2\/pages"}],"about":[{"href":"https:\/\/www.dogavebilim.com\/index.php?rest_route=\/wp\/v2\/types\/page"}],"author":[{"embeddable":true,"href":"https:\/\/www.dogavebilim.com\/index.php?rest_route=\/wp\/v2\/users\/3"}],"replies":[{"embeddable":true,"href":"https:\/\/www.dogavebilim.com\/index.php?rest_route=%2Fwp%2Fv2%2Fcomments&post=412"}],"version-history":[{"count":45,"href":"https:\/\/www.dogavebilim.com\/index.php?rest_route=\/wp\/v2\/pages\/412\/revisions"}],"predecessor-version":[{"id":2297,"href":"https:\/\/www.dogavebilim.com\/index.php?rest_route=\/wp\/v2\/pages\/412\/revisions\/2297"}],"wp:attachment":[{"href":"https:\/\/www.dogavebilim.com\/index.php?rest_route=%2Fwp%2Fv2%2Fmedia&parent=412"}],"curies":[{"name":"wp","href":"https:\/\/api.w.org\/{rel}","templated":true}]}}