{"id":895,"date":"2019-01-08T17:41:59","date_gmt":"2019-01-08T14:41:59","guid":{"rendered":"http:\/\/www.dogavebilim.com\/?page_id=895"},"modified":"2019-01-15T10:41:32","modified_gmt":"2019-01-15T07:41:32","slug":"bildiriler","status":"publish","type":"page","link":"https:\/\/www.dogavebilim.com\/?page_id=895","title":{"rendered":"B\u0130LD\u0130R\u0130LER"},"content":{"rendered":"","protected":false},"excerpt":{"rendered":"","protected":false},"author":2,"featured_media":0,"parent":882,"menu_order":3,"comment_status":"closed","ping_status":"closed","template":"","meta":{"footnotes":""},"_links":{"self":[{"href":"https:\/\/www.dogavebilim.com\/index.php?rest_route=\/wp\/v2\/pages\/895"}],"collection":[{"href":"https:\/\/www.dogavebilim.com\/index.php?rest_route=\/wp\/v2\/pages"}],"about":[{"href":"https:\/\/www.dogavebilim.com\/index.php?rest_route=\/wp\/v2\/types\/page"}],"author":[{"embeddable":true,"href":"https:\/\/www.dogavebilim.com\/index.php?rest_route=\/wp\/v2\/users\/2"}],"replies":[{"embeddable":true,"href":"https:\/\/www.dogavebilim.com\/index.php?rest_route=%2Fwp%2Fv2%2Fcomments&post=895"}],"version-history":[{"count":2,"href":"https:\/\/www.dogavebilim.com\/index.php?rest_route=\/wp\/v2\/pages\/895\/revisions"}],"predecessor-version":[{"id":1288,"href":"https:\/\/www.dogavebilim.com\/index.php?rest_route=\/wp\/v2\/pages\/895\/revisions\/1288"}],"up":[{"embeddable":true,"href":"https:\/\/www.dogavebilim.com\/index.php?rest_route=\/wp\/v2\/pages\/882"}],"wp:attachment":[{"href":"https:\/\/www.dogavebilim.com\/index.php?rest_route=%2Fwp%2Fv2%2Fmedia&parent=895"}],"curies":[{"name":"wp","href":"https:\/\/api.w.org\/{rel}","templated":true}]}}