{"id":897,"date":"2019-01-08T17:42:21","date_gmt":"2019-01-08T14:42:21","guid":{"rendered":"http:\/\/www.dogavebilim.com\/?page_id=897"},"modified":"2024-12-27T02:36:33","modified_gmt":"2024-12-26T23:36:33","slug":"posterler","status":"publish","type":"page","link":"https:\/\/www.dogavebilim.com\/?page_id=897","title":{"rendered":"POSTER\/BRO\u015e\u00dcR"},"content":{"rendered":"\n<p>Hatay Samanda\u011f H\u0131rlavuk K\u0131y\u0131lar\u0131ndaki K\u00f6pekbal\u0131\u011f\u0131 ve Vatoz T\u00fcrleri Habitatlar\u0131n\u0131n Restorasyonu, Korunmas\u0131 ve \u0130zlenmesi-TCEF-2024 Projemiz kapsam\u0131nda olu\u015fturulan Avlanmas\u0131 Yasak olan Elasmobranch t\u00fcrleri i\u00e7in bilgilendirici posterimiz. Posteri <a href=\"https:\/\/www.dogavebilim.com\/wp-content\/uploads\/2024\/11\/DogaBilim_Shark_afis.pdf\" target=\"_blank\" rel=\"noreferrer noopener\">buraya t\u0131klayarak<\/a> indirebilirsiniz. <\/p>\n\n\n\n<figure class=\"wp-block-image size-full\"><img loading=\"lazy\" decoding=\"async\" width=\"656\" height=\"873\" src=\"https:\/\/www.dogavebilim.com\/wp-content\/uploads\/2024\/11\/Shark-afis.png\" alt=\"\" class=\"wp-image-2614\" srcset=\"https:\/\/www.dogavebilim.com\/wp-content\/uploads\/2024\/11\/Shark-afis.png 656w, https:\/\/www.dogavebilim.com\/wp-content\/uploads\/2024\/11\/Shark-afis-225x300.png 225w\" sizes=\"(max-width: 656px) 100vw, 656px\" \/><\/figure>\n\n\n\n<figure class=\"wp-block-image size-large\"><img loading=\"lazy\" decoding=\"async\" width=\"1024\" height=\"13\" src=\"https:\/\/www.dogavebilim.com\/wp-content\/uploads\/2019\/03\/Resim1-3-1024x13.jpg\" alt=\"\" class=\"wp-image-1510\" srcset=\"https:\/\/www.dogavebilim.com\/wp-content\/uploads\/2019\/03\/Resim1-3-1024x13.jpg 1024w, https:\/\/www.dogavebilim.com\/wp-content\/uploads\/2019\/03\/Resim1-3-300x4.jpg 300w, https:\/\/www.dogavebilim.com\/wp-content\/uploads\/2019\/03\/Resim1-3-768x9.jpg 768w, https:\/\/www.dogavebilim.com\/wp-content\/uploads\/2019\/03\/Resim1-3.jpg 1556w\" sizes=\"(max-width: 1024px) 100vw, 1024px\" \/><\/figure>\n\n\n\n<p>Hatay Samanda\u011f H\u0131rlavuk K\u0131y\u0131lar\u0131ndaki K\u00f6pekbal\u0131\u011f\u0131 ve Vatoz T\u00fcrleri Habitatlar\u0131n\u0131n Restorasyonu, Korunmas\u0131 ve \u0130zlenmesi-TCEF-2024 Projemiz kapsam\u0131nda olu\u015fturulan t\u00fcr tan\u0131t\u0131m bro\u015f\u00fcr\u00fcm\u00fcz. Bro\u015f\u00fcr\u00fc <a href=\"https:\/\/www.dogavebilim.com\/wp-content\/uploads\/2024\/12\/Shark-Ray-Brosur-V5.pdf\" target=\"_blank\" rel=\"noreferrer noopener\">buraya t\u0131klayarak<\/a> indirebilirsiniz.<\/p>\n\n\n\n<figure class=\"wp-block-image size-full is-resized\"><img loading=\"lazy\" decoding=\"async\" width=\"563\" height=\"815\" src=\"https:\/\/www.dogavebilim.com\/wp-content\/uploads\/2024\/12\/Kapak.png\" alt=\"\" class=\"wp-image-2648\" style=\"width:656px;height:auto\" srcset=\"https:\/\/www.dogavebilim.com\/wp-content\/uploads\/2024\/12\/Kapak.png 563w, https:\/\/www.dogavebilim.com\/wp-content\/uploads\/2024\/12\/Kapak-207x300.png 207w\" sizes=\"(max-width: 563px) 100vw, 563px\" \/><\/figure>\n\n\n\n<figure class=\"wp-block-image size-large\"><img loading=\"lazy\" decoding=\"async\" width=\"1024\" height=\"13\" src=\"https:\/\/www.dogavebilim.com\/wp-content\/uploads\/2019\/03\/Resim1-3-1024x13.jpg\" alt=\"\" class=\"wp-image-1510\" srcset=\"https:\/\/www.dogavebilim.com\/wp-content\/uploads\/2019\/03\/Resim1-3-1024x13.jpg 1024w, https:\/\/www.dogavebilim.com\/wp-content\/uploads\/2019\/03\/Resim1-3-300x4.jpg 300w, https:\/\/www.dogavebilim.com\/wp-content\/uploads\/2019\/03\/Resim1-3-768x9.jpg 768w, https:\/\/www.dogavebilim.com\/wp-content\/uploads\/2019\/03\/Resim1-3.jpg 1556w\" sizes=\"(max-width: 1024px) 100vw, 1024px\" \/><\/figure>\n\n\n\n<p>Akdeniz\u2019in endemik t\u00fcrlerinden olan Lagos (Epinephelus aeneus) ve Orfoz (Epinephelus marginatus) a\u015f\u0131r\u0131 avc\u0131l\u0131k sonucunda denizlerimizde yok olma noktas\u0131na gelmi\u015ftir. Uluslararas\u0131 Do\u011fa Koruma Birli\u011fi\u2019nin (IUCN) K\u0131rm\u0131z\u0131 Listesi\u2019nde durumu tehlikede (endangered) olarak belirtilen bu t\u00fcrlerin denizlerimizde devaml\u0131l\u0131\u011f\u0131n\u0131n sa\u011flanmas\u0131 i\u00e7in T\u00fcrkiye Cumhuriyeti Tar\u0131m ve Orman Bakanl\u0131\u011f\u0131 taraf\u0131ndan 13.08.2016 tarihli 29800 Say\u0131l\u0131 Resmi Gazete\u2019de yay\u0131nlanan Su \u00dcr\u00fcnleri Avc\u0131l\u0131\u011f\u0131 Tebli\u011fi ile 1 Eyl\u00fcl 2016\u2019dan 31 A\u011fustos 2020\u2019ye avlanmas\u0131 ve sat\u0131lmas\u0131 yasaklanm\u0131\u015ft\u0131r. Bizde orfoz ve lagos bal\u0131klar\u0131n\u0131n \u00fclkemiz ve Akdeniz i\u00e7in ne kadar \u00f6nemli bal\u0131klar oldu\u011fu konusunda bal\u0131k\u00e7\u0131lar\u0131m\u0131z\u0131 ve halk\u0131m\u0131z\u0131 bilin\u00e7lendirmek i\u00e7in Do\u011fa ve Bilim Derne\u011fi olarak \u201c<strong>Sen de Bir \u015eeyler Yap<\/strong>\u201d mottosuyla \u201c<strong>Lagos ve Orfozu Ya\u015fatal\u0131m<\/strong>&nbsp;\u201cadl\u0131 kampanyam\u0131z\u0131 ba\u015flatt\u0131k.<\/p>\n\n\n\n<p>\u201c<strong>Lagos ve Orfozu Ya\u015fatal\u0131m\u201d<\/strong>&nbsp;kampanyas\u0131n\u0131n&nbsp;afi\u015fini indirmek i\u00e7in&nbsp;<a href=\"http:\/\/www.dogavebilim.com\/wp-content\/uploads\/2018\/11\/Save-the-groupers-poster-2.pdf\" target=\"_blank\" rel=\"noreferrer noopener\">t\u0131klay\u0131n\u0131z.<\/a><\/p>\n\n\n\n<figure class=\"wp-block-image size-full\"><img loading=\"lazy\" decoding=\"async\" width=\"653\" height=\"928\" src=\"https:\/\/www.dogavebilim.com\/wp-content\/uploads\/2024\/11\/Save-the-groupers.png\" alt=\"\" class=\"wp-image-2642\" srcset=\"https:\/\/www.dogavebilim.com\/wp-content\/uploads\/2024\/11\/Save-the-groupers.png 653w, https:\/\/www.dogavebilim.com\/wp-content\/uploads\/2024\/11\/Save-the-groupers-211x300.png 211w\" sizes=\"(max-width: 653px) 100vw, 653px\" \/><\/figure>\n\n\n\n<figure class=\"wp-block-image size-large\"><img loading=\"lazy\" decoding=\"async\" width=\"1024\" height=\"13\" src=\"https:\/\/www.dogavebilim.com\/wp-content\/uploads\/2019\/03\/Resim1-3-1024x13.jpg\" alt=\"\" class=\"wp-image-1510\" srcset=\"https:\/\/www.dogavebilim.com\/wp-content\/uploads\/2019\/03\/Resim1-3-1024x13.jpg 1024w, https:\/\/www.dogavebilim.com\/wp-content\/uploads\/2019\/03\/Resim1-3-300x4.jpg 300w, https:\/\/www.dogavebilim.com\/wp-content\/uploads\/2019\/03\/Resim1-3-768x9.jpg 768w, https:\/\/www.dogavebilim.com\/wp-content\/uploads\/2019\/03\/Resim1-3.jpg 1556w\" sizes=\"(max-width: 1024px) 100vw, 1024px\" \/><\/figure>\n\n\n\n<p>K\u0131y\u0131lar\u0131m\u0131zda karaya vuran balinalar\u0131n da\u011f\u0131l\u0131m\u0131n\u0131 haritaland\u0131rd\u0131\u011f\u0131m\u0131z ve &#8220;Conferences on Cetacean Conservation in South Mediterranean Countries&#8221; konferans\u0131nda sundu\u011fumuz posterimiz. Posteri <a rel=\"noreferrer noopener\" href=\"http:\/\/www.dogavebilim.com\/?attachment_id=2171\" target=\"_blank\">buraya t\u0131klayarak<\/a> indirebilirsiniz. <\/p>\n\n\n\n<figure class=\"wp-block-image size-large\"><img loading=\"lazy\" decoding=\"async\" width=\"717\" height=\"1024\" src=\"http:\/\/www.dogavebilim.com\/wp-content\/uploads\/2021\/09\/0001-717x1024.jpg\" alt=\"\" class=\"wp-image-2170\" srcset=\"https:\/\/www.dogavebilim.com\/wp-content\/uploads\/2021\/09\/0001-717x1024.jpg 717w, https:\/\/www.dogavebilim.com\/wp-content\/uploads\/2021\/09\/0001-210x300.jpg 210w, https:\/\/www.dogavebilim.com\/wp-content\/uploads\/2021\/09\/0001-768x1097.jpg 768w, https:\/\/www.dogavebilim.com\/wp-content\/uploads\/2021\/09\/0001-1075x1536.jpg 1075w, https:\/\/www.dogavebilim.com\/wp-content\/uploads\/2021\/09\/0001-1434x2048.jpg 1434w, https:\/\/www.dogavebilim.com\/wp-content\/uploads\/2021\/09\/0001-scaled.jpg 1792w\" sizes=\"(max-width: 717px) 100vw, 717px\" \/><\/figure>\n\n\n\n<figure class=\"wp-block-image size-large\"><img loading=\"lazy\" decoding=\"async\" width=\"1024\" height=\"13\" src=\"https:\/\/www.dogavebilim.com\/wp-content\/uploads\/2019\/03\/Resim1-3-1024x13.jpg\" alt=\"\" class=\"wp-image-1510\" srcset=\"https:\/\/www.dogavebilim.com\/wp-content\/uploads\/2019\/03\/Resim1-3-1024x13.jpg 1024w, https:\/\/www.dogavebilim.com\/wp-content\/uploads\/2019\/03\/Resim1-3-300x4.jpg 300w, https:\/\/www.dogavebilim.com\/wp-content\/uploads\/2019\/03\/Resim1-3-768x9.jpg 768w, https:\/\/www.dogavebilim.com\/wp-content\/uploads\/2019\/03\/Resim1-3.jpg 1556w\" sizes=\"(max-width: 1024px) 100vw, 1024px\" \/><\/figure>\n\n\n\n<p>Denizlerimizde bulunan ve dikkat edilmesi gereken zehirli ve sokar deniz canl\u0131lar\u0131ndan en s\u0131k rastlanan t\u00fcrlerini sizler i\u00e7in derleyip poster haline d\u00f6n\u00fc\u015ft\u00fcrd\u00fck. Posteri <a href=\"http:\/\/www.dogavebilim.com\/wp-content\/uploads\/2019\/11\/Afi\u015f-servet-ct.pdf\" target=\"_blank\" rel=\"noreferrer noopener\" aria-label=\"buraya t\u0131klayarak (yeni sekmede a\u00e7\u0131l\u0131r)\">buraya t\u0131klayarak<\/a> indirebilirsiniz. <\/p>\n\n\n\n<figure class=\"wp-block-image\"><img loading=\"lazy\" decoding=\"async\" width=\"768\" height=\"1024\" src=\"http:\/\/www.dogavebilim.com\/wp-content\/uploads\/2019\/11\/Afi\u015f-servet-ct-1-768x1024.jpg\" alt=\"\" class=\"wp-image-1666\" srcset=\"https:\/\/www.dogavebilim.com\/wp-content\/uploads\/2019\/11\/Afi\u015f-servet-ct-1-768x1024.jpg 768w, https:\/\/www.dogavebilim.com\/wp-content\/uploads\/2019\/11\/Afi\u015f-servet-ct-1-225x300.jpg 225w\" sizes=\"(max-width: 768px) 100vw, 768px\" \/><\/figure>\n\n\n\n<figure class=\"wp-block-image size-large\"><img loading=\"lazy\" decoding=\"async\" width=\"1024\" height=\"13\" src=\"https:\/\/www.dogavebilim.com\/wp-content\/uploads\/2019\/03\/Resim1-3-1024x13.jpg\" alt=\"\" class=\"wp-image-1510\" srcset=\"https:\/\/www.dogavebilim.com\/wp-content\/uploads\/2019\/03\/Resim1-3-1024x13.jpg 1024w, https:\/\/www.dogavebilim.com\/wp-content\/uploads\/2019\/03\/Resim1-3-300x4.jpg 300w, https:\/\/www.dogavebilim.com\/wp-content\/uploads\/2019\/03\/Resim1-3-768x9.jpg 768w, https:\/\/www.dogavebilim.com\/wp-content\/uploads\/2019\/03\/Resim1-3.jpg 1556w\" sizes=\"(max-width: 1024px) 100vw, 1024px\" \/><\/figure>\n\n\n\n<p><\/p>\n","protected":false},"excerpt":{"rendered":"<p>Hatay Samanda\u011f H\u0131rlavuk K\u0131y\u0131lar\u0131ndaki K\u00f6pekbal\u0131\u011f\u0131 ve Vatoz T\u00fcrleri Habitatlar\u0131n\u0131n Restorasyonu, Korunmas\u0131 ve \u0130zlenmesi-TCEF-2024 Projemiz kapsam\u0131nda olu\u015fturulan Avlanmas\u0131 Yasak olan Elasmobranch&hellip;<\/p>\n","protected":false},"author":2,"featured_media":0,"parent":882,"menu_order":4,"comment_status":"closed","ping_status":"closed","template":"","meta":{"footnotes":""},"_links":{"self":[{"href":"https:\/\/www.dogavebilim.com\/index.php?rest_route=\/wp\/v2\/pages\/897"}],"collection":[{"href":"https:\/\/www.dogavebilim.com\/index.php?rest_route=\/wp\/v2\/pages"}],"about":[{"href":"https:\/\/www.dogavebilim.com\/index.php?rest_route=\/wp\/v2\/types\/page"}],"author":[{"embeddable":true,"href":"https:\/\/www.dogavebilim.com\/index.php?rest_route=\/wp\/v2\/users\/2"}],"replies":[{"embeddable":true,"href":"https:\/\/www.dogavebilim.com\/index.php?rest_route=%2Fwp%2Fv2%2Fcomments&post=897"}],"version-history":[{"count":11,"href":"https:\/\/www.dogavebilim.com\/index.php?rest_route=\/wp\/v2\/pages\/897\/revisions"}],"predecessor-version":[{"id":2653,"href":"https:\/\/www.dogavebilim.com\/index.php?rest_route=\/wp\/v2\/pages\/897\/revisions\/2653"}],"up":[{"embeddable":true,"href":"https:\/\/www.dogavebilim.com\/index.php?rest_route=\/wp\/v2\/pages\/882"}],"wp:attachment":[{"href":"https:\/\/www.dogavebilim.com\/index.php?rest_route=%2Fwp%2Fv2%2Fmedia&parent=897"}],"curies":[{"name":"wp","href":"https:\/\/api.w.org\/{rel}","templated":true}]}}